{"id":853,"date":"2017-02-20T14:38:43","date_gmt":"2017-02-20T13:38:43","guid":{"rendered":"http:\/\/www.mike-hartung.de\/v2\/?page_id=853"},"modified":"2017-02-20T15:30:03","modified_gmt":"2017-02-20T14:30:03","slug":"nebelmaschine-1","status":"publish","type":"page","link":"https:\/\/www.mike-hartung.de\/v2\/?page_id=853","title":{"rendered":"Nebelmaschine 1"},"content":{"rendered":"<div id=\"cnp\">\n<h2 class=\"prod\">Nebelmaschine<\/h2>\n<\/div>\n<p><img loading=\"lazy\" decoding=\"async\" data-attachment-id=\"870\" data-permalink=\"https:\/\/www.mike-hartung.de\/v2\/?attachment_id=870\" data-orig-file=\"https:\/\/www.mike-hartung.de\/v2\/wp-content\/uploads\/2017\/02\/9584350_800.jpg\" data-orig-size=\"621,600\" data-comments-opened=\"0\" data-image-meta=\"{&quot;aperture&quot;:&quot;0&quot;,&quot;credit&quot;:&quot;Branntwein dunnit&quot;,&quot;camera&quot;:&quot;IQ180&quot;,&quot;caption&quot;:&quot;&quot;,&quot;created_timestamp&quot;:&quot;1421798400&quot;,&quot;copyright&quot;:&quot;(C) Musikhaus Thomann - www.thomann.de&quot;,&quot;focal_length&quot;:&quot;0&quot;,&quot;iso&quot;:&quot;35&quot;,&quot;shutter_speed&quot;:&quot;1&quot;,&quot;title&quot;:&quot;&quot;,&quot;orientation&quot;:&quot;1&quot;}\" data-image-title=\"9584350_800\" data-image-description=\"\" data-image-caption=\"\" data-medium-file=\"https:\/\/www.mike-hartung.de\/v2\/wp-content\/uploads\/2017\/02\/9584350_800-300x290.jpg\" data-large-file=\"https:\/\/www.mike-hartung.de\/v2\/wp-content\/uploads\/2017\/02\/9584350_800.jpg\" class=\"wp-image-870 aligncenter\" src=\"http:\/\/www.mike-hartung.de\/v2\/wp-content\/uploads\/2017\/02\/9584350_800-300x290.jpg\" alt=\"\" height=\"235\" width=\"243\" srcset=\"https:\/\/www.mike-hartung.de\/v2\/wp-content\/uploads\/2017\/02\/9584350_800-300x290.jpg 300w, https:\/\/www.mike-hartung.de\/v2\/wp-content\/uploads\/2017\/02\/9584350_800-104x100.jpg 104w, https:\/\/www.mike-hartung.de\/v2\/wp-content\/uploads\/2017\/02\/9584350_800-155x150.jpg 155w, https:\/\/www.mike-hartung.de\/v2\/wp-content\/uploads\/2017\/02\/9584350_800-150x145.jpg 150w, https:\/\/www.mike-hartung.de\/v2\/wp-content\/uploads\/2017\/02\/9584350_800.jpg 621w\" sizes=\"auto, (max-width: 243px) 100vw, 243px\" \/><\/p>\n<p>&nbsp;<\/p>\n<p>Diese Maschine stze ich f\u00fcr schweren Nebel ein, der Nebel steigt ungefair 1,5 m hoch und l\u00f6st sich auf.<\/p>\n<p>Durch den Nebel ergeben sich keinerlei gesundheitliche Gef\u00e4hrdungen!<\/p>\n<p>&nbsp;<\/p>\n<div id=\"cnp\">\n<ul class=\"prod-features\">\n<li>leistungsstarke Nebelmaschinen f\u00fcr Partys, B\u00fchnen, Clubs, uvm.<\/li>\n<li>erzeugt mit nur 1.300 W Heizleistung Nebeleffektedie<\/li>\n<li>Steuerung erfolgt per DMX-512 oder einfach mittels der mitgelieferten Multifunktions-Fernbedienung mit Timer Funktion<\/li>\n<li>inkl. Montageb\u00fcgel f\u00fcr den Betrieb an Traversen oder Decken und Multifunktionsfernbedienung (Timer, Intervall, Volume)<\/li>\n<\/ul>\n<p class=\"prod\"><b>Technische Daten:<\/b><\/p>\n<ul class=\"prod-features\">\n<li>Heizelement: elektronischer Verdampfer mit 1.300 W<\/li>\n<li>Aufw\u00e4rm-Zeit: ca. 5 min.<\/li>\n<li>Fluidverbrauch: thomann ca. 86 ml\/min<\/li>\n<li>Aussto\u00dfvolumen: ca. 180 m\u00b3 \/ min<\/li>\n<li>Aussto\u00dfweite: ca. 4-5 m<\/li>\n<li>Tankinhalt: 1,9 l<\/li>\n<li>DMX-512 (1 Kanal)<\/li>\n<li>DMX Ein- und Ausgang: 3 pol. XLR<\/li>\n<li>Stromversorgung: AC 230V, 50 Hz<\/li>\n<li>maximaler Stromverbrauch: 1.300 Watt<\/li>\n<li>Abmessungen (L x B x H): 430 x 310 x 190 mm<\/li>\n<li>Gewicht: 7,1 kg<\/li>\n<\/ul>\n<div id=\"cnp\">\n<p>Der Mietpreis betr\u00e4gt f\u00fcr 24 Stunden 20 Euro (Inklusive Nebel, ob leichter oder schwerer, es kann genebelt werden ohne Ende)<\/p>\n<p>Wochenende (Freitag bis Sonntag) 25 euro<\/p>\n<p>Zuz\u00fcglich Kaution, die bei R\u00fcckgabe \u201ewie Ger\u00e4t empfangen zur\u00fcck gezahlt wird\u201c!<\/p>\n<p>&nbsp;<\/p>\n<\/div>\n<\/div>\n","protected":false},"excerpt":{"rendered":"<p>Nebelmaschine &nbsp; Diese Maschine stze ich f\u00fcr schweren Nebel ein, der Nebel steigt ungefair 1,5 m hoch und l\u00f6st sich auf. Durch den Nebel ergeben sich keinerlei gesundheitliche Gef\u00e4hrdungen! &nbsp; leistungsstarke Nebelmaschinen f\u00fcr Partys, B\u00fchnen, Clubs, uvm. erzeugt mit nur 1.300 W Heizleistung Nebeleffektedie Steuerung erfolgt per DMX-512 oder einfach\u2026<\/p>\n<p class=\"continue-reading-button\"> <a class=\"continue-reading-link\" href=\"https:\/\/www.mike-hartung.de\/v2\/?page_id=853\">Mehr lesen<i class=\"crycon-right-dir\"><\/i><\/a><\/p>\n","protected":false},"author":3,"featured_media":0,"parent":0,"menu_order":0,"comment_status":"closed","ping_status":"closed","template":"","meta":{"_acf_changed":false,"ngg_post_thumbnail":0,"jetpack_post_was_ever_published":false,"footnotes":""},"class_list":["post-853","page","type-page","status-publish","hentry"],"acf":[],"jetpack_shortlink":"https:\/\/wp.me\/P6Tpbo-dL","jetpack-related-posts":[],"jetpack_sharing_enabled":true,"_links":{"self":[{"href":"https:\/\/www.mike-hartung.de\/v2\/index.php?rest_route=\/wp\/v2\/pages\/853","targetHints":{"allow":["GET"]}}],"collection":[{"href":"https:\/\/www.mike-hartung.de\/v2\/index.php?rest_route=\/wp\/v2\/pages"}],"about":[{"href":"https:\/\/www.mike-hartung.de\/v2\/index.php?rest_route=\/wp\/v2\/types\/page"}],"author":[{"embeddable":true,"href":"https:\/\/www.mike-hartung.de\/v2\/index.php?rest_route=\/wp\/v2\/users\/3"}],"replies":[{"embeddable":true,"href":"https:\/\/www.mike-hartung.de\/v2\/index.php?rest_route=%2Fwp%2Fv2%2Fcomments&post=853"}],"version-history":[{"count":3,"href":"https:\/\/www.mike-hartung.de\/v2\/index.php?rest_route=\/wp\/v2\/pages\/853\/revisions"}],"predecessor-version":[{"id":871,"href":"https:\/\/www.mike-hartung.de\/v2\/index.php?rest_route=\/wp\/v2\/pages\/853\/revisions\/871"}],"wp:attachment":[{"href":"https:\/\/www.mike-hartung.de\/v2\/index.php?rest_route=%2Fwp%2Fv2%2Fmedia&parent=853"}],"curies":[{"name":"wp","href":"https:\/\/api.w.org\/{rel}","templated":true}]}}