{"id":765,"date":"2016-08-24T14:27:46","date_gmt":"2016-08-24T12:27:46","guid":{"rendered":"http:\/\/www.mike-hartung.de\/v2\/?page_id=765"},"modified":"2018-01-02T15:51:30","modified_gmt":"2018-01-02T14:51:30","slug":"dguv-3","status":"publish","type":"page","link":"https:\/\/www.mike-hartung.de\/v2\/?page_id=765","title":{"rendered":"DGUV 3"},"content":{"rendered":"<h1 style=\"text-align: center;\">Lassen Sie sich nicht verunsichern, diese Pr\u00fcfung ist ein &#8222;Muss&#8220;<\/h1>\n<h1 style=\"text-align: center;\">f\u00fcr Ihre Sicherheit<\/h1>\n<p>Warum Pr\u00fcfen? Jeder Betreiber einer Elektroanlage muss &#8222;im Falle eines Falles&#8220; nachweisen, dass er seinen Betreiberpflichten nachgekommen ist, andernfalls droht ein immenses Haftungsrisiko. Als Betreiber einer Elektroanlage ist jeder anzusehen, in dessen Verantwortungsbereich sich eine Elektroanlage befindet: Die Einhaltung der Betreiberpflichten ist nicht nur b\u00fcrokratische Pflichterf\u00fcllung &#8211; sie sch\u00fctzt Menschenleben, vermindert wirtschaftliche Sch\u00e4den (Brandschutz, Personenschutz, Die Pr\u00fcfung der ortsver\u00e4nderlichen Ger\u00e4te gilt als Nachweis f\u00fcr die elektrische Sicherheit.<\/p>\n<p>\u00d6ffentliche Einrichtungen verlangen nach DGUV Vorschrift 3 fr\u00fcher <strong>(BGV A3, DIN VDE 0702)<\/strong>&nbsp; diese Pr\u00fcfung. <strong>Ohne diese Pr\u00fcfung d\u00fcrfen in Turnhallen, DGH&#8217;s, Kinderg\u00e4rten, Kirchen, bei \u00f6ffentlichen Veranstaltungen<\/strong> <strong>und Einrichtungen<\/strong> keine elektronischen Ger\u00e4te betrieben werden!<\/p>\n<p><strong>Meine Ger\u00e4te sind alle \u00fcberpr\u00fcft und d\u00fcrfen somit bei jeder \u00f6ffentlichen Veranstaltung und in jeder \u00f6ffentlichen Einrichtung in Betrieb genommen werden.<\/strong><\/p>\n<p style=\"text-align: center;\"><img loading=\"lazy\" decoding=\"async\" data-attachment-id=\"688\" data-permalink=\"https:\/\/www.mike-hartung.de\/v2\/?attachment_id=688\" data-orig-file=\"https:\/\/www.mike-hartung.de\/v2\/wp-content\/uploads\/2016\/03\/IMG_5473-1.jpg\" data-orig-size=\"240,320\" data-comments-opened=\"0\" data-image-meta=\"{&quot;aperture&quot;:&quot;2.2&quot;,&quot;credit&quot;:&quot;&quot;,&quot;camera&quot;:&quot;iPhone 6&quot;,&quot;caption&quot;:&quot;&quot;,&quot;created_timestamp&quot;:&quot;1458565450&quot;,&quot;copyright&quot;:&quot;&quot;,&quot;focal_length&quot;:&quot;4.15&quot;,&quot;iso&quot;:&quot;100&quot;,&quot;shutter_speed&quot;:&quot;0.03030303030303&quot;,&quot;title&quot;:&quot;&quot;,&quot;orientation&quot;:&quot;6&quot;}\" data-image-title=\"IMG_5473\" data-image-description=\"\" data-image-caption=\"\" data-medium-file=\"https:\/\/www.mike-hartung.de\/v2\/wp-content\/uploads\/2016\/03\/IMG_5473-1-225x300.jpg\" data-large-file=\"https:\/\/www.mike-hartung.de\/v2\/wp-content\/uploads\/2016\/03\/IMG_5473-1.jpg\" class=\"alignnone wp-image-688\" src=\"http:\/\/www.mike-hartung.de\/v2\/wp-content\/uploads\/2016\/03\/IMG_5473-1-225x300.jpg\" alt=\"IMG_5473\" height=\"263\" width=\"197\" srcset=\"https:\/\/www.mike-hartung.de\/v2\/wp-content\/uploads\/2016\/03\/IMG_5473-1-225x300.jpg 225w, https:\/\/www.mike-hartung.de\/v2\/wp-content\/uploads\/2016\/03\/IMG_5473-1-75x100.jpg 75w, https:\/\/www.mike-hartung.de\/v2\/wp-content\/uploads\/2016\/03\/IMG_5473-1-113x150.jpg 113w, https:\/\/www.mike-hartung.de\/v2\/wp-content\/uploads\/2016\/03\/IMG_5473-1.jpg 240w\" sizes=\"auto, (max-width: 197px) 100vw, 197px\" \/><\/p>\n","protected":false},"excerpt":{"rendered":"<p>Lassen Sie sich nicht verunsichern, diese Pr\u00fcfung ist ein &#8222;Muss&#8220; f\u00fcr Ihre Sicherheit Warum Pr\u00fcfen? Jeder Betreiber einer Elektroanlage muss &#8222;im Falle eines Falles&#8220; nachweisen, dass er seinen Betreiberpflichten nachgekommen ist, andernfalls droht ein immenses Haftungsrisiko. Als Betreiber einer Elektroanlage ist jeder anzusehen, in dessen Verantwortungsbereich sich eine Elektroanlage befindet:\u2026<\/p>\n<p class=\"continue-reading-button\"> <a class=\"continue-reading-link\" href=\"https:\/\/www.mike-hartung.de\/v2\/?page_id=765\">Mehr lesen<i class=\"crycon-right-dir\"><\/i><\/a><\/p>\n","protected":false},"author":3,"featured_media":0,"parent":0,"menu_order":0,"comment_status":"closed","ping_status":"closed","template":"","meta":{"_acf_changed":false,"ngg_post_thumbnail":0,"jetpack_post_was_ever_published":false,"footnotes":""},"class_list":["post-765","page","type-page","status-publish","hentry"],"acf":[],"jetpack_shortlink":"https:\/\/wp.me\/P6Tpbo-cl","jetpack-related-posts":[],"jetpack_sharing_enabled":true,"_links":{"self":[{"href":"https:\/\/www.mike-hartung.de\/v2\/index.php?rest_route=\/wp\/v2\/pages\/765","targetHints":{"allow":["GET"]}}],"collection":[{"href":"https:\/\/www.mike-hartung.de\/v2\/index.php?rest_route=\/wp\/v2\/pages"}],"about":[{"href":"https:\/\/www.mike-hartung.de\/v2\/index.php?rest_route=\/wp\/v2\/types\/page"}],"author":[{"embeddable":true,"href":"https:\/\/www.mike-hartung.de\/v2\/index.php?rest_route=\/wp\/v2\/users\/3"}],"replies":[{"embeddable":true,"href":"https:\/\/www.mike-hartung.de\/v2\/index.php?rest_route=%2Fwp%2Fv2%2Fcomments&post=765"}],"version-history":[{"count":4,"href":"https:\/\/www.mike-hartung.de\/v2\/index.php?rest_route=\/wp\/v2\/pages\/765\/revisions"}],"predecessor-version":[{"id":897,"href":"https:\/\/www.mike-hartung.de\/v2\/index.php?rest_route=\/wp\/v2\/pages\/765\/revisions\/897"}],"wp:attachment":[{"href":"https:\/\/www.mike-hartung.de\/v2\/index.php?rest_route=%2Fwp%2Fv2%2Fmedia&parent=765"}],"curies":[{"name":"wp","href":"https:\/\/api.w.org\/{rel}","templated":true}]}}