{"id":718,"date":"2016-04-22T07:59:13","date_gmt":"2016-04-22T05:59:13","guid":{"rendered":"http:\/\/www.mike-hartung.de\/v2\/?page_id=718"},"modified":"2016-04-22T07:59:13","modified_gmt":"2016-04-22T05:59:13","slug":"ersatz-dj","status":"publish","type":"page","link":"https:\/\/www.mike-hartung.de\/v2\/?page_id=718","title":{"rendered":"Ersatz DJ"},"content":{"rendered":"<p><strong><span style=\"color: #ff0000;\">Sie sind auf der Suche nach einem Ersatz DJ?<\/span><\/strong><\/p>\n<p>&nbsp;<\/p>\n<p>Ihr DJ ist pl\u00f6tzlich ausgefallen oder er hat Ihnen kurzfristig abgesagt? Zun\u00e4chst einmal ist dies f\u00fcr beide Seiten \u00e4rgerlich, jedoch kein Grund zur gro\u00dfen Aufregung. Erst einmal kurz durchschnaufen, wir nehmen uns Ihrem Problem an!<\/p>\n<p><strong><span style=\"color: #ff0000;\">Wie hei\u00dft es doch so sch\u00f6n: Hinfallen, aufstehen, Kr\u00f6nchen richten und weiterfeiern!<\/span><\/strong><\/p>\n<p><strong><span style=\"color: #ff0000;\">Durch meine durchaus vielen Kontakte, kann ich auf\u00a0 viele Deejays, Deejanes, Musik Agenturen, Vereine und Verb\u00e4nde zur\u00fcckgreifen.<\/span><\/strong><\/p>\n<p>Es gibt viele Gr\u00fcnde f\u00fcr einen Discjockey Ausfall z.B. H\u00f6here Gewalt, krankheitsbedingt Ausfall, Todesfall in der Familie oder eine DJ-Agentur hat evtl. abgesagt. Dies alles kann auch einmal dem Veranstalter oder dem Auftraggeber passieren!<\/p>\n<p><strong>Wer tr\u00e4gt die Kosten f\u00fcr die Vermittlung eines Ersatz-DJ?<\/strong><\/p>\n<p>Ihre Anfrage ist unverbindlich und kostenlos! Ich vereinbare mit dem Ersatz-DJ eine Vermittlungsprovison. Sollte es sp\u00e4ter zu einen Auftrag kommen, tr\u00e4gt dieser DJ die Kosten.<\/p>\n<p><strong><span style=\"color: #ff0000;\">Folgende Informationen ben\u00f6tige ich von Ihnen, f\u00fcr schnelle Hilfe:<\/span><\/strong><br \/>\n<strong>Veranstalter<\/strong><\/p>\n<p><span style=\"color: #0000ff;\">Vorname und Name: <\/span><br \/>\n<span style=\"color: #0000ff;\"> PLZ und Ort:<\/span><br \/>\n<span style=\"color: #0000ff;\"> Stra\u00dfe und Hausnummer:<\/span><\/p>\n<p><span style=\"color: #0000ff;\">Telefon: <\/span><br \/>\n<span style=\"color: #0000ff;\"> Mobil:<\/span><\/p>\n<p><strong>\u00dcber die Veranstaltung<\/strong><\/p>\n<p><span style=\"color: #0000ff;\">Veranstaltungsdatum: <\/span><br \/>\n<span style=\"color: #0000ff;\"> Veranstaltungsort &#8211; PLZ und Ort:<\/span><br \/>\n<span style=\"color: #0000ff;\"> Veranstaltungsort &#8211; Stra\u00dfe und Hausnummer:<\/span><\/p>\n<p><span style=\"color: #0000ff;\">Anlass:<\/span><br \/>\n<span style=\"color: #0000ff;\"> Personenanzahl:<\/span><\/p>\n<p><span style=\"color: #0000ff;\">Beginn der Veranstaltung:<\/span><\/p>\n<p><strong><span style=\"color: #ff0000;\">Telefonnummer-Notdienst: 0179 55 66 55 3<\/span><\/strong><\/p>\n<p><strong><span style=\"color: #ff0000;\">E-Mail &#8211; Hotline:\u00a0\u00a0 MikeHartung@aol.com<\/span><br \/>\n<\/strong><\/p>\n","protected":false},"excerpt":{"rendered":"<p>Sie sind auf der Suche nach einem Ersatz DJ? &nbsp; Ihr DJ ist pl\u00f6tzlich ausgefallen oder er hat Ihnen kurzfristig abgesagt? Zun\u00e4chst einmal ist dies f\u00fcr beide Seiten \u00e4rgerlich, jedoch kein Grund zur gro\u00dfen Aufregung. Erst einmal kurz durchschnaufen, wir nehmen uns Ihrem Problem an! Wie hei\u00dft es doch so\u2026<\/p>\n<p class=\"continue-reading-button\"> <a class=\"continue-reading-link\" href=\"https:\/\/www.mike-hartung.de\/v2\/?page_id=718\">Mehr lesen<i class=\"crycon-right-dir\"><\/i><\/a><\/p>\n","protected":false},"author":3,"featured_media":0,"parent":0,"menu_order":0,"comment_status":"closed","ping_status":"closed","template":"","meta":{"_acf_changed":false,"ngg_post_thumbnail":0,"jetpack_post_was_ever_published":false,"footnotes":""},"class_list":["post-718","page","type-page","status-publish","hentry"],"acf":[],"jetpack_shortlink":"https:\/\/wp.me\/P6Tpbo-bA","jetpack-related-posts":[],"jetpack_sharing_enabled":true,"_links":{"self":[{"href":"https:\/\/www.mike-hartung.de\/v2\/index.php?rest_route=\/wp\/v2\/pages\/718","targetHints":{"allow":["GET"]}}],"collection":[{"href":"https:\/\/www.mike-hartung.de\/v2\/index.php?rest_route=\/wp\/v2\/pages"}],"about":[{"href":"https:\/\/www.mike-hartung.de\/v2\/index.php?rest_route=\/wp\/v2\/types\/page"}],"author":[{"embeddable":true,"href":"https:\/\/www.mike-hartung.de\/v2\/index.php?rest_route=\/wp\/v2\/users\/3"}],"replies":[{"embeddable":true,"href":"https:\/\/www.mike-hartung.de\/v2\/index.php?rest_route=%2Fwp%2Fv2%2Fcomments&post=718"}],"version-history":[{"count":1,"href":"https:\/\/www.mike-hartung.de\/v2\/index.php?rest_route=\/wp\/v2\/pages\/718\/revisions"}],"predecessor-version":[{"id":719,"href":"https:\/\/www.mike-hartung.de\/v2\/index.php?rest_route=\/wp\/v2\/pages\/718\/revisions\/719"}],"wp:attachment":[{"href":"https:\/\/www.mike-hartung.de\/v2\/index.php?rest_route=%2Fwp%2Fv2%2Fmedia&parent=718"}],"curies":[{"name":"wp","href":"https:\/\/api.w.org\/{rel}","templated":true}]}}