{"id":648,"date":"2016-02-09T15:21:34","date_gmt":"2016-02-09T14:21:34","guid":{"rendered":"http:\/\/www.mike-hartung.de\/v2\/?page_id=648"},"modified":"2016-02-09T15:21:34","modified_gmt":"2016-02-09T14:21:34","slug":"4-led-par-56-floorspots-auf-stativ","status":"publish","type":"page","link":"https:\/\/www.mike-hartung.de\/v2\/?page_id=648","title":{"rendered":"4 LED Par 56 Floorspots auf Stativ"},"content":{"rendered":"<p>Dieser LED Par 56 Scheinwerfer ist unsere Einstiegsvariante. Gute Lichtausbeute und enormer Farbenreichtum. Diesen LED Par 56 mieten Sie bei uns, wenn Sie Partybeleuchtung, effektvolle Raumbeleuchtung oder Dekobeleuchtung geplant haben. Im sond to light-Modus wechselt der Floorspot flei\u00dfig die RGB-Farben zum Takt der Musik. Mit den Dip-Schaltern an der Ger\u00e4ter\u00fcckseite lassen sich Statikfarben und vorprogrammierte Farbwechsel manuell einstellen. Dieser LED Par 56 Scheinwerfer l\u00e4sst sich \u00fcber DMX ansteuern. Den Controller k\u00f6nnen Sie bei uns mieten. Die abgebildete Variante ist f\u00fcr den u.a. Mietpreis komplett. 4X LED Par 56, 1x 4 Fachsteckdose, 1x T-Bar zum befestigen der Kannen mit Zapfen f\u00fcr das Stativ, 1x Stativ!<\/p>\n<p><a href=\"http:\/\/www.mike-hartung.de\/v2\/wp-content\/uploads\/2016\/02\/par56set.jpg\" rel=\"attachment wp-att-631\"><img loading=\"lazy\" decoding=\"async\" data-attachment-id=\"631\" data-permalink=\"https:\/\/www.mike-hartung.de\/v2\/?attachment_id=631\" data-orig-file=\"https:\/\/www.mike-hartung.de\/v2\/wp-content\/uploads\/2016\/02\/par56set.jpg\" data-orig-size=\"200,150\" data-comments-opened=\"0\" data-image-meta=\"{&quot;aperture&quot;:&quot;0&quot;,&quot;credit&quot;:&quot;&quot;,&quot;camera&quot;:&quot;&quot;,&quot;caption&quot;:&quot;&quot;,&quot;created_timestamp&quot;:&quot;0&quot;,&quot;copyright&quot;:&quot;&quot;,&quot;focal_length&quot;:&quot;0&quot;,&quot;iso&quot;:&quot;0&quot;,&quot;shutter_speed&quot;:&quot;0&quot;,&quot;title&quot;:&quot;&quot;,&quot;orientation&quot;:&quot;0&quot;}\" data-image-title=\"par56set\" data-image-description=\"\" data-image-caption=\"\" data-medium-file=\"https:\/\/www.mike-hartung.de\/v2\/wp-content\/uploads\/2016\/02\/par56set.jpg\" data-large-file=\"https:\/\/www.mike-hartung.de\/v2\/wp-content\/uploads\/2016\/02\/par56set.jpg\" class=\"alignnone  wp-image-631\" src=\"http:\/\/www.mike-hartung.de\/v2\/wp-content\/uploads\/2016\/02\/par56set.jpg\" alt=\"par56set\" width=\"251\" height=\"188\" srcset=\"https:\/\/www.mike-hartung.de\/v2\/wp-content\/uploads\/2016\/02\/par56set.jpg 200w, https:\/\/www.mike-hartung.de\/v2\/wp-content\/uploads\/2016\/02\/par56set-150x113.jpg 150w\" sizes=\"auto, (max-width: 251px) 100vw, 251px\" \/><\/a><\/p>\n<p>Der Mietpreis betr\u00e4gt komplett f\u00fcr 24 Stunden 25 Euro<\/p>\n<div>\n<p>Wochenende (Freitag bis Sonntag) 35 Euro<\/p>\n<p>Zuz\u00fcglich Kaution, die bei R\u00fcckgabe \u201ewie Ger\u00e4t empfangen zur\u00fcck gezahlt wird\u201c!<\/p>\n<\/div>\n","protected":false},"excerpt":{"rendered":"<p>Dieser LED Par 56 Scheinwerfer ist unsere Einstiegsvariante. Gute Lichtausbeute und enormer Farbenreichtum. Diesen LED Par 56 mieten Sie bei uns, wenn Sie Partybeleuchtung, effektvolle Raumbeleuchtung oder Dekobeleuchtung geplant haben. Im sond to light-Modus wechselt der Floorspot flei\u00dfig die RGB-Farben zum Takt der Musik. Mit den Dip-Schaltern an der Ger\u00e4ter\u00fcckseite\u2026<\/p>\n<p class=\"continue-reading-button\"> <a class=\"continue-reading-link\" href=\"https:\/\/www.mike-hartung.de\/v2\/?page_id=648\">Mehr lesen<i class=\"crycon-right-dir\"><\/i><\/a><\/p>\n","protected":false},"author":3,"featured_media":0,"parent":0,"menu_order":0,"comment_status":"closed","ping_status":"closed","template":"","meta":{"_acf_changed":false,"ngg_post_thumbnail":0,"jetpack_post_was_ever_published":false,"footnotes":""},"class_list":["post-648","page","type-page","status-publish","hentry"],"acf":[],"jetpack_shortlink":"https:\/\/wp.me\/P6Tpbo-as","jetpack-related-posts":[],"jetpack_sharing_enabled":true,"_links":{"self":[{"href":"https:\/\/www.mike-hartung.de\/v2\/index.php?rest_route=\/wp\/v2\/pages\/648","targetHints":{"allow":["GET"]}}],"collection":[{"href":"https:\/\/www.mike-hartung.de\/v2\/index.php?rest_route=\/wp\/v2\/pages"}],"about":[{"href":"https:\/\/www.mike-hartung.de\/v2\/index.php?rest_route=\/wp\/v2\/types\/page"}],"author":[{"embeddable":true,"href":"https:\/\/www.mike-hartung.de\/v2\/index.php?rest_route=\/wp\/v2\/users\/3"}],"replies":[{"embeddable":true,"href":"https:\/\/www.mike-hartung.de\/v2\/index.php?rest_route=%2Fwp%2Fv2%2Fcomments&post=648"}],"version-history":[{"count":1,"href":"https:\/\/www.mike-hartung.de\/v2\/index.php?rest_route=\/wp\/v2\/pages\/648\/revisions"}],"predecessor-version":[{"id":649,"href":"https:\/\/www.mike-hartung.de\/v2\/index.php?rest_route=\/wp\/v2\/pages\/648\/revisions\/649"}],"wp:attachment":[{"href":"https:\/\/www.mike-hartung.de\/v2\/index.php?rest_route=%2Fwp%2Fv2%2Fmedia&parent=648"}],"curies":[{"name":"wp","href":"https:\/\/api.w.org\/{rel}","templated":true}]}}