{"id":644,"date":"2016-02-09T15:12:17","date_gmt":"2016-02-09T14:12:17","guid":{"rendered":"http:\/\/www.mike-hartung.de\/v2\/?page_id=644"},"modified":"2016-02-09T15:13:52","modified_gmt":"2016-02-09T14:13:52","slug":"led-par-56-2","status":"publish","type":"page","link":"https:\/\/www.mike-hartung.de\/v2\/?page_id=644","title":{"rendered":"LED Par 56 Floorspot"},"content":{"rendered":"<p>Dieser LED Par 56 Scheinwerfer ist unsere Einstiegsvariante. Gute Lichtausbeute und enormer Farbenreichtum. Diesen LED Par 56 mieten Sie bei uns, wenn Sie Partybeleuchtung, effektvolle Raumbeleuchtung oder Dekobeleuchtung geplant haben. Im sond to light-Modus wechselt der Floorspot flei\u00dfig die RGB-Farben zum Takt der Musik. Mit den Dip-Schaltern an der Ger\u00e4ter\u00fcckseite lassen sich Statikfarben und vorprogrammierte Farbwechsel manuell einstellen. Dieser LED Par 56 Scheinwerfer l\u00e4sst sich \u00fcber DMX ansteuern. Den Controller k\u00f6nnen Sie bei uns mieten. Die Ger\u00e4te haben nur einen B\u00fcgel.<\/p>\n<p><a href=\"http:\/\/www.mike-hartung.de\/v2\/wp-content\/uploads\/2016\/02\/Par-56.jpg\" rel=\"attachment wp-att-630\"><img loading=\"lazy\" decoding=\"async\" data-attachment-id=\"630\" data-permalink=\"https:\/\/www.mike-hartung.de\/v2\/?attachment_id=630\" data-orig-file=\"https:\/\/www.mike-hartung.de\/v2\/wp-content\/uploads\/2016\/02\/Par-56.jpg\" data-orig-size=\"80,80\" data-comments-opened=\"0\" data-image-meta=\"{&quot;aperture&quot;:&quot;0&quot;,&quot;credit&quot;:&quot;&quot;,&quot;camera&quot;:&quot;&quot;,&quot;caption&quot;:&quot;&quot;,&quot;created_timestamp&quot;:&quot;0&quot;,&quot;copyright&quot;:&quot;&quot;,&quot;focal_length&quot;:&quot;0&quot;,&quot;iso&quot;:&quot;0&quot;,&quot;shutter_speed&quot;:&quot;0&quot;,&quot;title&quot;:&quot;&quot;,&quot;orientation&quot;:&quot;0&quot;}\" data-image-title=\"Par 56\" data-image-description=\"\" data-image-caption=\"\" data-medium-file=\"https:\/\/www.mike-hartung.de\/v2\/wp-content\/uploads\/2016\/02\/Par-56.jpg\" data-large-file=\"https:\/\/www.mike-hartung.de\/v2\/wp-content\/uploads\/2016\/02\/Par-56.jpg\" class=\"alignnone wp-image-630\" src=\"http:\/\/www.mike-hartung.de\/v2\/wp-content\/uploads\/2016\/02\/Par-56.jpg\" alt=\"Par 56\" width=\"145\" height=\"145\" \/><\/a><\/p>\n<p>Der Mietpreis betr\u00e4gt f\u00fcr 24 Stunden 4 Euro\/St\u00fcck<\/p>\n<div>\n<p>Wochenende (Freitag bis Sonntag) 6 Euro\/St\u00fcck<\/p>\n<p>Zuz\u00fcglich Kaution, die bei R\u00fcckgabe \u201ewie Ger\u00e4t empfangen zur\u00fcck gezahlt wird\u201c!<\/p>\n<\/div>\n","protected":false},"excerpt":{"rendered":"<p>Dieser LED Par 56 Scheinwerfer ist unsere Einstiegsvariante. Gute Lichtausbeute und enormer Farbenreichtum. Diesen LED Par 56 mieten Sie bei uns, wenn Sie Partybeleuchtung, effektvolle Raumbeleuchtung oder Dekobeleuchtung geplant haben. Im sond to light-Modus wechselt der Floorspot flei\u00dfig die RGB-Farben zum Takt der Musik. Mit den Dip-Schaltern an der Ger\u00e4ter\u00fcckseite\u2026<\/p>\n<p class=\"continue-reading-button\"> <a class=\"continue-reading-link\" href=\"https:\/\/www.mike-hartung.de\/v2\/?page_id=644\">Mehr lesen<i class=\"crycon-right-dir\"><\/i><\/a><\/p>\n","protected":false},"author":3,"featured_media":0,"parent":0,"menu_order":0,"comment_status":"closed","ping_status":"closed","template":"","meta":{"_acf_changed":false,"ngg_post_thumbnail":0,"jetpack_post_was_ever_published":false,"footnotes":""},"class_list":["post-644","page","type-page","status-publish","hentry"],"acf":[],"jetpack_shortlink":"https:\/\/wp.me\/P6Tpbo-ao","jetpack-related-posts":[],"jetpack_sharing_enabled":true,"_links":{"self":[{"href":"https:\/\/www.mike-hartung.de\/v2\/index.php?rest_route=\/wp\/v2\/pages\/644","targetHints":{"allow":["GET"]}}],"collection":[{"href":"https:\/\/www.mike-hartung.de\/v2\/index.php?rest_route=\/wp\/v2\/pages"}],"about":[{"href":"https:\/\/www.mike-hartung.de\/v2\/index.php?rest_route=\/wp\/v2\/types\/page"}],"author":[{"embeddable":true,"href":"https:\/\/www.mike-hartung.de\/v2\/index.php?rest_route=\/wp\/v2\/users\/3"}],"replies":[{"embeddable":true,"href":"https:\/\/www.mike-hartung.de\/v2\/index.php?rest_route=%2Fwp%2Fv2%2Fcomments&post=644"}],"version-history":[{"count":2,"href":"https:\/\/www.mike-hartung.de\/v2\/index.php?rest_route=\/wp\/v2\/pages\/644\/revisions"}],"predecessor-version":[{"id":647,"href":"https:\/\/www.mike-hartung.de\/v2\/index.php?rest_route=\/wp\/v2\/pages\/644\/revisions\/647"}],"wp:attachment":[{"href":"https:\/\/www.mike-hartung.de\/v2\/index.php?rest_route=%2Fwp%2Fv2%2Fmedia&parent=644"}],"curies":[{"name":"wp","href":"https:\/\/api.w.org\/{rel}","templated":true}]}}