{"id":633,"date":"2016-02-09T14:41:42","date_gmt":"2016-02-09T13:41:42","guid":{"rendered":"http:\/\/www.mike-hartung.de\/v2\/?page_id=633"},"modified":"2016-02-09T14:41:42","modified_gmt":"2016-02-09T13:41:42","slug":"led-par-64-floorspot","status":"publish","type":"page","link":"https:\/\/www.mike-hartung.de\/v2\/?page_id=633","title":{"rendered":"LED Par 64 Floorspot"},"content":{"rendered":"<div id=\"cnp\">\n<h2 class=\"prod\">Floorspot Bodengeh\u00e4use<\/h2>\n<p>Dieser LED Par 64 Scheinwerfer ist mit 2 Halteb\u00fcgeln ausgestattet, also ein klassischer Floorspot. Perfekte Einsatzm\u00f6glichkeiten f\u00fcr diesen Floorspot sind Architekturbeleuchtung, Uplighting, Dekobeleuchtung und nat\u00fcrlich als Partylicht. Bei diesem Floorspot lassen sich, ohne Lichtpult, viele statische Farbt\u00f6ne abrufen. Dieser Floorspot ist auch \u00fcber jedem handels\u00fcblichen DMX-Controller steuerbar, den Sie auch bei uns mieten k\u00f6nnen.<\/p>\n<p>&nbsp;<\/p>\n<p><a href=\"http:\/\/www.mike-hartung.de\/v2\/wp-content\/uploads\/2016\/02\/spot.jpg\" rel=\"attachment wp-att-634\"><img loading=\"lazy\" decoding=\"async\" data-attachment-id=\"634\" data-permalink=\"https:\/\/www.mike-hartung.de\/v2\/?attachment_id=634\" data-orig-file=\"https:\/\/www.mike-hartung.de\/v2\/wp-content\/uploads\/2016\/02\/spot.jpg\" data-orig-size=\"460,600\" data-comments-opened=\"0\" data-image-meta=\"{&quot;aperture&quot;:&quot;16&quot;,&quot;credit&quot;:&quot;Branntwein dunnit&quot;,&quot;camera&quot;:&quot;NIKON D800&quot;,&quot;caption&quot;:&quot;&quot;,&quot;created_timestamp&quot;:&quot;1389139200&quot;,&quot;copyright&quot;:&quot;&quot;,&quot;focal_length&quot;:&quot;45&quot;,&quot;iso&quot;:&quot;100&quot;,&quot;shutter_speed&quot;:&quot;0.0125&quot;,&quot;title&quot;:&quot;&quot;,&quot;orientation&quot;:&quot;1&quot;}\" data-image-title=\"spot\" data-image-description=\"\" data-image-caption=\"\" data-medium-file=\"https:\/\/www.mike-hartung.de\/v2\/wp-content\/uploads\/2016\/02\/spot-230x300.jpg\" data-large-file=\"https:\/\/www.mike-hartung.de\/v2\/wp-content\/uploads\/2016\/02\/spot.jpg\" class=\"alignnone  wp-image-634\" src=\"http:\/\/www.mike-hartung.de\/v2\/wp-content\/uploads\/2016\/02\/spot-230x300.jpg\" alt=\"spot\" width=\"161\" height=\"210\" srcset=\"https:\/\/www.mike-hartung.de\/v2\/wp-content\/uploads\/2016\/02\/spot-230x300.jpg 230w, https:\/\/www.mike-hartung.de\/v2\/wp-content\/uploads\/2016\/02\/spot-115x150.jpg 115w, https:\/\/www.mike-hartung.de\/v2\/wp-content\/uploads\/2016\/02\/spot.jpg 460w\" sizes=\"auto, (max-width: 161px) 100vw, 161px\" \/><\/a><a href=\"http:\/\/www.mike-hartung.de\/v2\/wp-content\/uploads\/2016\/02\/web-LED-Par-64-RGBA-Floor-in-Aktion.jpg\" rel=\"attachment wp-att-635\"><img loading=\"lazy\" decoding=\"async\" data-attachment-id=\"635\" data-permalink=\"https:\/\/www.mike-hartung.de\/v2\/?attachment_id=635\" data-orig-file=\"https:\/\/www.mike-hartung.de\/v2\/wp-content\/uploads\/2016\/02\/web-LED-Par-64-RGBA-Floor-in-Aktion.jpg\" data-orig-size=\"1200,800\" data-comments-opened=\"0\" data-image-meta=\"{&quot;aperture&quot;:&quot;0&quot;,&quot;credit&quot;:&quot;&quot;,&quot;camera&quot;:&quot;&quot;,&quot;caption&quot;:&quot;&quot;,&quot;created_timestamp&quot;:&quot;0&quot;,&quot;copyright&quot;:&quot;&quot;,&quot;focal_length&quot;:&quot;0&quot;,&quot;iso&quot;:&quot;0&quot;,&quot;shutter_speed&quot;:&quot;0&quot;,&quot;title&quot;:&quot;&quot;,&quot;orientation&quot;:&quot;1&quot;}\" data-image-title=\"web-LED-Par-64-RGBA-Floor-in-Aktion\" data-image-description=\"\" data-image-caption=\"\" data-medium-file=\"https:\/\/www.mike-hartung.de\/v2\/wp-content\/uploads\/2016\/02\/web-LED-Par-64-RGBA-Floor-in-Aktion-300x200.jpg\" data-large-file=\"https:\/\/www.mike-hartung.de\/v2\/wp-content\/uploads\/2016\/02\/web-LED-Par-64-RGBA-Floor-in-Aktion-1024x683.jpg\" class=\"alignnone  wp-image-635\" src=\"http:\/\/www.mike-hartung.de\/v2\/wp-content\/uploads\/2016\/02\/web-LED-Par-64-RGBA-Floor-in-Aktion-300x200.jpg\" alt=\"web-LED-Par-64-RGBA-Floor-in-Aktion\" width=\"294\" height=\"196\" srcset=\"https:\/\/www.mike-hartung.de\/v2\/wp-content\/uploads\/2016\/02\/web-LED-Par-64-RGBA-Floor-in-Aktion-300x200.jpg 300w, https:\/\/www.mike-hartung.de\/v2\/wp-content\/uploads\/2016\/02\/web-LED-Par-64-RGBA-Floor-in-Aktion-768x512.jpg 768w, https:\/\/www.mike-hartung.de\/v2\/wp-content\/uploads\/2016\/02\/web-LED-Par-64-RGBA-Floor-in-Aktion-1024x683.jpg 1024w, https:\/\/www.mike-hartung.de\/v2\/wp-content\/uploads\/2016\/02\/web-LED-Par-64-RGBA-Floor-in-Aktion-225x150.jpg 225w, https:\/\/www.mike-hartung.de\/v2\/wp-content\/uploads\/2016\/02\/web-LED-Par-64-RGBA-Floor-in-Aktion-150x100.jpg 150w, https:\/\/www.mike-hartung.de\/v2\/wp-content\/uploads\/2016\/02\/web-LED-Par-64-RGBA-Floor-in-Aktion.jpg 1200w\" sizes=\"auto, (max-width: 294px) 100vw, 294px\" \/><\/a><\/p>\n<div id=\"cnp\">\n<ul class=\"prod-features\">\n<li>RGB-Farbmischung \u00fcber DMX<\/li>\n<li>5 DMX Kan\u00e4le<\/li>\n<li>Steuerung auch \u00fcber Sound-to-Light m\u00f6glich<\/li>\n<li>Spannung: 230V \/ 50 Hz<\/li>\n<li>Leistungsaufnahme: max. 16 Watt<\/li>\n<li>mit Doppelb\u00fcgel\u00a0 zum einfachen Aufstellen am Boden<\/li>\n<li>Ma\u00dfe: 406 x 276 x 277 mm<\/li>\n<li>Gewicht: 2,12 kg<\/li>\n<li>Farbe: Aluminium poliert<\/li>\n<li>inkl. 50 cm Kabel mit Schutzkontaktstecker<\/li>\n<\/ul>\n<p>Der Mietpreis betr\u00e4gt f\u00fcr 24 Stunden 9 Euro\/St\u00fcck (Max. 10 St\u00fcck zu vermieten)<\/p>\n<div>\n<p>Wochenende (Freitag bis Sonntag) 15 Euro\/St\u00fcck<\/p>\n<p>Zuz\u00fcglich Kaution, die bei R\u00fcckgabe \u201ewie Ger\u00e4t empfangen zur\u00fcck gezahlt wird\u201c!<\/p>\n<p>&nbsp;<\/p>\n<\/div>\n<\/div>\n<\/div>\n","protected":false},"excerpt":{"rendered":"<p>Floorspot Bodengeh\u00e4use Dieser LED Par 64 Scheinwerfer ist mit 2 Halteb\u00fcgeln ausgestattet, also ein klassischer Floorspot. Perfekte Einsatzm\u00f6glichkeiten f\u00fcr diesen Floorspot sind Architekturbeleuchtung, Uplighting, Dekobeleuchtung und nat\u00fcrlich als Partylicht. Bei diesem Floorspot lassen sich, ohne Lichtpult, viele statische Farbt\u00f6ne abrufen. Dieser Floorspot ist auch \u00fcber jedem handels\u00fcblichen DMX-Controller steuerbar, den\u2026<\/p>\n<p class=\"continue-reading-button\"> <a class=\"continue-reading-link\" href=\"https:\/\/www.mike-hartung.de\/v2\/?page_id=633\">Mehr lesen<i class=\"crycon-right-dir\"><\/i><\/a><\/p>\n","protected":false},"author":3,"featured_media":0,"parent":0,"menu_order":0,"comment_status":"closed","ping_status":"closed","template":"","meta":{"_acf_changed":false,"ngg_post_thumbnail":0,"jetpack_post_was_ever_published":false,"footnotes":""},"class_list":["post-633","page","type-page","status-publish","hentry"],"acf":[],"jetpack_shortlink":"https:\/\/wp.me\/P6Tpbo-ad","jetpack-related-posts":[],"jetpack_sharing_enabled":true,"_links":{"self":[{"href":"https:\/\/www.mike-hartung.de\/v2\/index.php?rest_route=\/wp\/v2\/pages\/633","targetHints":{"allow":["GET"]}}],"collection":[{"href":"https:\/\/www.mike-hartung.de\/v2\/index.php?rest_route=\/wp\/v2\/pages"}],"about":[{"href":"https:\/\/www.mike-hartung.de\/v2\/index.php?rest_route=\/wp\/v2\/types\/page"}],"author":[{"embeddable":true,"href":"https:\/\/www.mike-hartung.de\/v2\/index.php?rest_route=\/wp\/v2\/users\/3"}],"replies":[{"embeddable":true,"href":"https:\/\/www.mike-hartung.de\/v2\/index.php?rest_route=%2Fwp%2Fv2%2Fcomments&post=633"}],"version-history":[{"count":2,"href":"https:\/\/www.mike-hartung.de\/v2\/index.php?rest_route=\/wp\/v2\/pages\/633\/revisions"}],"predecessor-version":[{"id":638,"href":"https:\/\/www.mike-hartung.de\/v2\/index.php?rest_route=\/wp\/v2\/pages\/633\/revisions\/638"}],"wp:attachment":[{"href":"https:\/\/www.mike-hartung.de\/v2\/index.php?rest_route=%2Fwp%2Fv2%2Fmedia&parent=633"}],"curies":[{"name":"wp","href":"https:\/\/api.w.org\/{rel}","templated":true}]}}