{"id":623,"date":"2016-02-08T15:22:47","date_gmt":"2016-02-08T14:22:47","guid":{"rendered":"http:\/\/www.mike-hartung.de\/v2\/?page_id=623"},"modified":"2016-02-08T15:22:47","modified_gmt":"2016-02-08T14:22:47","slug":"led-multi-par","status":"publish","type":"page","link":"https:\/\/www.mike-hartung.de\/v2\/?page_id=623","title":{"rendered":"LED Multi Par"},"content":{"rendered":"<div id=\"cnp\">\n<h2 class=\"prod\">LED Lichtanlage<\/h2>\n<ul class=\"prod-features\">\n<li>kompakte 28 x 3 W Tri Colour LED Lichtanlage inkl. Transportcase<\/li>\n<li>vier kompakte Flat Cans, montiert auf einer thomann Bar mit integrierter Steuerung &#8211; optimale Grundausstattung f\u00fcr die B\u00fchnenbeleuchtung<\/li>\n<li>die Ansteuerung erfolgt mit dreipoligen Ein- und Ausg\u00e4ngen per DMX mit 6, 9 oder 15 Kan\u00e4len<\/li>\n<li>alternativ ist die Ansteuerung \u00fcber das dazugeh\u00f6rige f\u00fcnfpolige Kabel mit einem optionalen Controller m\u00f6glich (nicht im Lieferumfang), \u00fcber vier solide Fu\u00dftaster hat man so thomann Zugriff auf alle wichtigen Parameter f\u00fcr die Show<\/li>\n<\/ul>\n<p><a href=\"http:\/\/www.mike-hartung.de\/v2\/wp-content\/uploads\/2016\/02\/8657927_800.jpg\" rel=\"attachment wp-att-624\"><img loading=\"lazy\" decoding=\"async\" data-attachment-id=\"624\" data-permalink=\"https:\/\/www.mike-hartung.de\/v2\/?attachment_id=624\" data-orig-file=\"https:\/\/www.mike-hartung.de\/v2\/wp-content\/uploads\/2016\/02\/8657927_800.jpg\" data-orig-size=\"80,80\" data-comments-opened=\"0\" data-image-meta=\"{&quot;aperture&quot;:&quot;0&quot;,&quot;credit&quot;:&quot;&quot;,&quot;camera&quot;:&quot;&quot;,&quot;caption&quot;:&quot;&quot;,&quot;created_timestamp&quot;:&quot;0&quot;,&quot;copyright&quot;:&quot;&quot;,&quot;focal_length&quot;:&quot;0&quot;,&quot;iso&quot;:&quot;0&quot;,&quot;shutter_speed&quot;:&quot;0&quot;,&quot;title&quot;:&quot;&quot;,&quot;orientation&quot;:&quot;0&quot;}\" data-image-title=\"8657927_800\" data-image-description=\"\" data-image-caption=\"\" data-medium-file=\"https:\/\/www.mike-hartung.de\/v2\/wp-content\/uploads\/2016\/02\/8657927_800.jpg\" data-large-file=\"https:\/\/www.mike-hartung.de\/v2\/wp-content\/uploads\/2016\/02\/8657927_800.jpg\" class=\"alignnone  wp-image-624\" src=\"http:\/\/www.mike-hartung.de\/v2\/wp-content\/uploads\/2016\/02\/8657927_800.jpg\" alt=\"8657927_800\" width=\"166\" height=\"166\" \/> \u00a0 \u00a0 \u00a0 \u00a0 \u00a0 \u00a0 \u00a0 \u00a0 \u00a0 \u00a0 \u00a0 \u00a0\u00a0<\/a> <a href=\"http:\/\/www.mike-hartung.de\/v2\/wp-content\/uploads\/2016\/02\/8657937_800.jpg\" rel=\"attachment wp-att-625\"><img loading=\"lazy\" decoding=\"async\" data-attachment-id=\"625\" data-permalink=\"https:\/\/www.mike-hartung.de\/v2\/?attachment_id=625\" data-orig-file=\"https:\/\/www.mike-hartung.de\/v2\/wp-content\/uploads\/2016\/02\/8657937_800.jpg\" data-orig-size=\"80,80\" data-comments-opened=\"0\" data-image-meta=\"{&quot;aperture&quot;:&quot;0&quot;,&quot;credit&quot;:&quot;&quot;,&quot;camera&quot;:&quot;&quot;,&quot;caption&quot;:&quot;&quot;,&quot;created_timestamp&quot;:&quot;0&quot;,&quot;copyright&quot;:&quot;&quot;,&quot;focal_length&quot;:&quot;0&quot;,&quot;iso&quot;:&quot;0&quot;,&quot;shutter_speed&quot;:&quot;0&quot;,&quot;title&quot;:&quot;&quot;,&quot;orientation&quot;:&quot;0&quot;}\" data-image-title=\"8657937_800\" data-image-description=\"\" data-image-caption=\"\" data-medium-file=\"https:\/\/www.mike-hartung.de\/v2\/wp-content\/uploads\/2016\/02\/8657937_800.jpg\" data-large-file=\"https:\/\/www.mike-hartung.de\/v2\/wp-content\/uploads\/2016\/02\/8657937_800.jpg\" class=\"alignnone  wp-image-625\" src=\"http:\/\/www.mike-hartung.de\/v2\/wp-content\/uploads\/2016\/02\/8657937_800.jpg\" alt=\"8657937_800\" width=\"172\" height=\"172\" \/><\/a>\u00a0\u00a0\u00a0\u00a0\u00a0\u00a0\u00a0\u00a0\u00a0\u00a0\u00a0\u00a0\u00a0\u00a0\u00a0\u00a0\u00a0\u00a0\u00a0\u00a0\u00a0\u00a0\u00a0\u00a0\u00a0\u00a0 <a href=\"http:\/\/www.mike-hartung.de\/v2\/wp-content\/uploads\/2016\/02\/8657947_800.jpg\" rel=\"attachment wp-att-626\"><img loading=\"lazy\" decoding=\"async\" data-attachment-id=\"626\" data-permalink=\"https:\/\/www.mike-hartung.de\/v2\/?attachment_id=626\" data-orig-file=\"https:\/\/www.mike-hartung.de\/v2\/wp-content\/uploads\/2016\/02\/8657947_800.jpg\" data-orig-size=\"80,80\" data-comments-opened=\"0\" data-image-meta=\"{&quot;aperture&quot;:&quot;0&quot;,&quot;credit&quot;:&quot;&quot;,&quot;camera&quot;:&quot;&quot;,&quot;caption&quot;:&quot;&quot;,&quot;created_timestamp&quot;:&quot;0&quot;,&quot;copyright&quot;:&quot;&quot;,&quot;focal_length&quot;:&quot;0&quot;,&quot;iso&quot;:&quot;0&quot;,&quot;shutter_speed&quot;:&quot;0&quot;,&quot;title&quot;:&quot;&quot;,&quot;orientation&quot;:&quot;0&quot;}\" data-image-title=\"8657947_800\" data-image-description=\"\" data-image-caption=\"\" data-medium-file=\"https:\/\/www.mike-hartung.de\/v2\/wp-content\/uploads\/2016\/02\/8657947_800.jpg\" data-large-file=\"https:\/\/www.mike-hartung.de\/v2\/wp-content\/uploads\/2016\/02\/8657947_800.jpg\" class=\"alignnone  wp-image-626\" src=\"http:\/\/www.mike-hartung.de\/v2\/wp-content\/uploads\/2016\/02\/8657947_800.jpg\" alt=\"8657947_800\" width=\"159\" height=\"159\" \/><\/a><\/div>\n<div>\n<p>Der Mietpreis betr\u00e4gt f\u00fcr 24 Stunden 35Eur0<\/p>\n<p>Wochenende (Freitag bis Sonntag) 50 euro<\/p>\n<p>Zuz\u00fcglich Kaution, die bei R\u00fcckgabe \u201ewie Ger\u00e4t empfangen zur\u00fcck gezahlt wird\u201c!<\/p>\n<p>Im Mietpreis sind Stativ und Transporttasche enthalten<\/p>\n<\/div>\n","protected":false},"excerpt":{"rendered":"<p>LED Lichtanlage kompakte 28 x 3 W Tri Colour LED Lichtanlage inkl. Transportcase vier kompakte Flat Cans, montiert auf einer thomann Bar mit integrierter Steuerung &#8211; optimale Grundausstattung f\u00fcr die B\u00fchnenbeleuchtung die Ansteuerung erfolgt mit dreipoligen Ein- und Ausg\u00e4ngen per DMX mit 6, 9 oder 15 Kan\u00e4len alternativ ist die\u2026<\/p>\n<p class=\"continue-reading-button\"> <a class=\"continue-reading-link\" href=\"https:\/\/www.mike-hartung.de\/v2\/?page_id=623\">Mehr lesen<i class=\"crycon-right-dir\"><\/i><\/a><\/p>\n","protected":false},"author":3,"featured_media":0,"parent":0,"menu_order":0,"comment_status":"closed","ping_status":"closed","template":"","meta":{"_acf_changed":false,"ngg_post_thumbnail":0,"jetpack_post_was_ever_published":false,"footnotes":""},"class_list":["post-623","page","type-page","status-publish","hentry"],"acf":[],"jetpack_shortlink":"https:\/\/wp.me\/P6Tpbo-a3","jetpack-related-posts":[],"jetpack_sharing_enabled":true,"_links":{"self":[{"href":"https:\/\/www.mike-hartung.de\/v2\/index.php?rest_route=\/wp\/v2\/pages\/623","targetHints":{"allow":["GET"]}}],"collection":[{"href":"https:\/\/www.mike-hartung.de\/v2\/index.php?rest_route=\/wp\/v2\/pages"}],"about":[{"href":"https:\/\/www.mike-hartung.de\/v2\/index.php?rest_route=\/wp\/v2\/types\/page"}],"author":[{"embeddable":true,"href":"https:\/\/www.mike-hartung.de\/v2\/index.php?rest_route=\/wp\/v2\/users\/3"}],"replies":[{"embeddable":true,"href":"https:\/\/www.mike-hartung.de\/v2\/index.php?rest_route=%2Fwp%2Fv2%2Fcomments&post=623"}],"version-history":[{"count":1,"href":"https:\/\/www.mike-hartung.de\/v2\/index.php?rest_route=\/wp\/v2\/pages\/623\/revisions"}],"predecessor-version":[{"id":627,"href":"https:\/\/www.mike-hartung.de\/v2\/index.php?rest_route=\/wp\/v2\/pages\/623\/revisions\/627"}],"wp:attachment":[{"href":"https:\/\/www.mike-hartung.de\/v2\/index.php?rest_route=%2Fwp%2Fv2%2Fmedia&parent=623"}],"curies":[{"name":"wp","href":"https:\/\/api.w.org\/{rel}","templated":true}]}}