{"id":609,"date":"2016-02-05T12:25:53","date_gmt":"2016-02-05T11:25:53","guid":{"rendered":"http:\/\/www.mike-hartung.de\/v2\/?page_id=609"},"modified":"2016-02-05T12:28:21","modified_gmt":"2016-02-05T11:28:21","slug":"led-moonflower-adj-revo-4","status":"publish","type":"page","link":"https:\/\/www.mike-hartung.de\/v2\/?page_id=609","title":{"rendered":"LED Moonflower ADJ Revo 4"},"content":{"rendered":"<p>Nachfolgemodell des Revo 3<\/p>\n<div class=\"entry-content\">\n<div id=\"cnp\">\n<h2 class=\"prod\">LED Moonflower Effekt<\/h2>\n<p>American Dj Revo 3<br \/>\n\u2013 Messerscharfe und hoch brillante rote, gr\u00fcne, blaue und wei\u00dfe Strahlen<br \/>\n\u2013 10 DMX Kan\u00e4le ( 4 oder 10 Kanal Modus w\u00e4hlbar)<br \/>\n\u2013 Digitales LCD Display<br \/>\n\u2013 Lichtleistung vergleichbar mit einem 400 Watt Halogenleuchtmittel*<br \/>\n\u2013 Sehr breiter raumf\u00fcllender Effekt<br \/>\n\u2013 4 Arbeitsmodi (DMX; Sound to light; Master-Slave oder \u00fcber Handcontroller UC3)<br \/>\n\u2013 0-100% Dimmung<br \/>\n\u2013 Strobefunktion<br \/>\n\u2013 Niedriger Stromverbrauch<br \/>\n\u2013 Sicherungsautomat<br \/>\n\u2013 keine Hitzeentwicklung.<br \/>\n\u2013 Kann durchgehend ohne Pausen betrieben werden<br \/>\n\u2013 Inklusive Aufh\u00e4ngeb\u00fcgel aus Metall<br \/>\n\u2013 Klinkeneingang zur Ansteuerung mit dem UC3-Controller (siehe X-sell)<br \/>\n\u2013 Mehrere Ger\u00e4te k\u00f6nnen im Master Slave Modus zusammen und synchron betrieben werden.<br \/>\n\u2013 Leistungsaufnahme 50 Watt<br \/>\n\u2013 Abmessungen: 312 x 306 x 334 mm<br \/>\n\u2013 Ultraleicht: Gewicht: 4,4 kg<\/p>\n<p><a href=\"http:\/\/www.mike-hartung.de\/v2\/wp-content\/uploads\/2016\/02\/277712.jpg\" rel=\"attachment wp-att-613\"><img loading=\"lazy\" decoding=\"async\" data-attachment-id=\"613\" data-permalink=\"https:\/\/www.mike-hartung.de\/v2\/?attachment_id=613\" data-orig-file=\"https:\/\/www.mike-hartung.de\/v2\/wp-content\/uploads\/2016\/02\/277712.jpg\" data-orig-size=\"340,265\" data-comments-opened=\"0\" data-image-meta=\"{&quot;aperture&quot;:&quot;0&quot;,&quot;credit&quot;:&quot;&quot;,&quot;camera&quot;:&quot;&quot;,&quot;caption&quot;:&quot;&quot;,&quot;created_timestamp&quot;:&quot;0&quot;,&quot;copyright&quot;:&quot;&quot;,&quot;focal_length&quot;:&quot;0&quot;,&quot;iso&quot;:&quot;0&quot;,&quot;shutter_speed&quot;:&quot;0&quot;,&quot;title&quot;:&quot;&quot;,&quot;orientation&quot;:&quot;0&quot;}\" data-image-title=\"277712\" data-image-description=\"\" data-image-caption=\"\" data-medium-file=\"https:\/\/www.mike-hartung.de\/v2\/wp-content\/uploads\/2016\/02\/277712-300x234.jpg\" data-large-file=\"https:\/\/www.mike-hartung.de\/v2\/wp-content\/uploads\/2016\/02\/277712.jpg\" class=\"alignnone size-medium wp-image-613\" src=\"http:\/\/www.mike-hartung.de\/v2\/wp-content\/uploads\/2016\/02\/277712-300x234.jpg\" alt=\"277712\" width=\"300\" height=\"234\" srcset=\"https:\/\/www.mike-hartung.de\/v2\/wp-content\/uploads\/2016\/02\/277712-300x234.jpg 300w, https:\/\/www.mike-hartung.de\/v2\/wp-content\/uploads\/2016\/02\/277712-192x150.jpg 192w, https:\/\/www.mike-hartung.de\/v2\/wp-content\/uploads\/2016\/02\/277712-150x117.jpg 150w, https:\/\/www.mike-hartung.de\/v2\/wp-content\/uploads\/2016\/02\/277712.jpg 340w\" sizes=\"auto, (max-width: 300px) 100vw, 300px\" \/><\/a> <a href=\"http:\/\/www.mike-hartung.de\/v2\/wp-content\/uploads\/2016\/02\/277712_3.jpg\" rel=\"attachment wp-att-614\"><img loading=\"lazy\" decoding=\"async\" data-attachment-id=\"614\" data-permalink=\"https:\/\/www.mike-hartung.de\/v2\/?attachment_id=614\" data-orig-file=\"https:\/\/www.mike-hartung.de\/v2\/wp-content\/uploads\/2016\/02\/277712_3.jpg\" data-orig-size=\"900,800\" data-comments-opened=\"0\" data-image-meta=\"{&quot;aperture&quot;:&quot;0&quot;,&quot;credit&quot;:&quot;&quot;,&quot;camera&quot;:&quot;&quot;,&quot;caption&quot;:&quot;&quot;,&quot;created_timestamp&quot;:&quot;0&quot;,&quot;copyright&quot;:&quot;&quot;,&quot;focal_length&quot;:&quot;0&quot;,&quot;iso&quot;:&quot;0&quot;,&quot;shutter_speed&quot;:&quot;0&quot;,&quot;title&quot;:&quot;&quot;,&quot;orientation&quot;:&quot;0&quot;}\" data-image-title=\"Beleuchtug Revo 4\" data-image-description=\"\" data-image-caption=\"\" data-medium-file=\"https:\/\/www.mike-hartung.de\/v2\/wp-content\/uploads\/2016\/02\/277712_3-300x267.jpg\" data-large-file=\"https:\/\/www.mike-hartung.de\/v2\/wp-content\/uploads\/2016\/02\/277712_3.jpg\" class=\"alignnone size-medium wp-image-614\" src=\"http:\/\/www.mike-hartung.de\/v2\/wp-content\/uploads\/2016\/02\/277712_3-300x267.jpg\" alt=\"277712_3\" width=\"300\" height=\"267\" srcset=\"https:\/\/www.mike-hartung.de\/v2\/wp-content\/uploads\/2016\/02\/277712_3-300x267.jpg 300w, https:\/\/www.mike-hartung.de\/v2\/wp-content\/uploads\/2016\/02\/277712_3-768x683.jpg 768w, https:\/\/www.mike-hartung.de\/v2\/wp-content\/uploads\/2016\/02\/277712_3-169x150.jpg 169w, https:\/\/www.mike-hartung.de\/v2\/wp-content\/uploads\/2016\/02\/277712_3-150x133.jpg 150w, https:\/\/www.mike-hartung.de\/v2\/wp-content\/uploads\/2016\/02\/277712_3.jpg 900w\" sizes=\"auto, (max-width: 300px) 100vw, 300px\" \/><\/a> <a href=\"http:\/\/www.mike-hartung.de\/v2\/wp-content\/uploads\/2016\/02\/277712_4.jpg\" rel=\"attachment wp-att-615\"><img loading=\"lazy\" decoding=\"async\" data-attachment-id=\"615\" data-permalink=\"https:\/\/www.mike-hartung.de\/v2\/?attachment_id=615\" data-orig-file=\"https:\/\/www.mike-hartung.de\/v2\/wp-content\/uploads\/2016\/02\/277712_4.jpg\" data-orig-size=\"900,800\" data-comments-opened=\"0\" data-image-meta=\"{&quot;aperture&quot;:&quot;0&quot;,&quot;credit&quot;:&quot;&quot;,&quot;camera&quot;:&quot;&quot;,&quot;caption&quot;:&quot;&quot;,&quot;created_timestamp&quot;:&quot;0&quot;,&quot;copyright&quot;:&quot;&quot;,&quot;focal_length&quot;:&quot;0&quot;,&quot;iso&quot;:&quot;0&quot;,&quot;shutter_speed&quot;:&quot;0&quot;,&quot;title&quot;:&quot;&quot;,&quot;orientation&quot;:&quot;0&quot;}\" data-image-title=\"277712_4\" data-image-description=\"\" data-image-caption=\"\" data-medium-file=\"https:\/\/www.mike-hartung.de\/v2\/wp-content\/uploads\/2016\/02\/277712_4-300x267.jpg\" data-large-file=\"https:\/\/www.mike-hartung.de\/v2\/wp-content\/uploads\/2016\/02\/277712_4.jpg\" class=\"alignnone size-medium wp-image-615\" src=\"http:\/\/www.mike-hartung.de\/v2\/wp-content\/uploads\/2016\/02\/277712_4-300x267.jpg\" alt=\"277712_4\" width=\"300\" height=\"267\" srcset=\"https:\/\/www.mike-hartung.de\/v2\/wp-content\/uploads\/2016\/02\/277712_4-300x267.jpg 300w, https:\/\/www.mike-hartung.de\/v2\/wp-content\/uploads\/2016\/02\/277712_4-768x683.jpg 768w, https:\/\/www.mike-hartung.de\/v2\/wp-content\/uploads\/2016\/02\/277712_4-169x150.jpg 169w, https:\/\/www.mike-hartung.de\/v2\/wp-content\/uploads\/2016\/02\/277712_4-150x133.jpg 150w, https:\/\/www.mike-hartung.de\/v2\/wp-content\/uploads\/2016\/02\/277712_4.jpg 900w\" sizes=\"auto, (max-width: 300px) 100vw, 300px\" \/><\/a><\/p>\n<p>Der Mietpreis betr\u00e4gt f\u00fcr 24 Stunden 20 Eur0<\/p>\n<p>Wochenende (Freitag bis Sonntag) 25 euro<\/p>\n<p>Zuz\u00fcglich Kaution, die bei R\u00fcckgabe \u201ewie Ger\u00e4t empfangen zur\u00fcck gezahlt wird\u201c!<\/p>\n<p>Bedenken Sie dass das Stativ noch nicht im Mietpreis enthalten ist! Dieses k\u00f6nnen Sie f\u00fcr 5 Euro das St\u00fcck hinzumieten<\/p>\n<\/div>\n<\/div>\n","protected":false},"excerpt":{"rendered":"<p>Nachfolgemodell des Revo 3 LED Moonflower Effekt American Dj Revo 3 \u2013 Messerscharfe und hoch brillante rote, gr\u00fcne, blaue und wei\u00dfe Strahlen \u2013 10 DMX Kan\u00e4le ( 4 oder 10 Kanal Modus w\u00e4hlbar) \u2013 Digitales LCD Display \u2013 Lichtleistung vergleichbar mit einem 400 Watt Halogenleuchtmittel* \u2013 Sehr breiter raumf\u00fcllender Effekt\u2026<\/p>\n<p class=\"continue-reading-button\"> <a class=\"continue-reading-link\" href=\"https:\/\/www.mike-hartung.de\/v2\/?page_id=609\">Mehr lesen<i class=\"crycon-right-dir\"><\/i><\/a><\/p>\n","protected":false},"author":3,"featured_media":0,"parent":0,"menu_order":0,"comment_status":"closed","ping_status":"closed","template":"","meta":{"_acf_changed":false,"ngg_post_thumbnail":0,"jetpack_post_was_ever_published":false,"footnotes":""},"class_list":["post-609","page","type-page","status-publish","hentry"],"acf":[],"jetpack_shortlink":"https:\/\/wp.me\/P6Tpbo-9P","jetpack-related-posts":[],"jetpack_sharing_enabled":true,"_links":{"self":[{"href":"https:\/\/www.mike-hartung.de\/v2\/index.php?rest_route=\/wp\/v2\/pages\/609","targetHints":{"allow":["GET"]}}],"collection":[{"href":"https:\/\/www.mike-hartung.de\/v2\/index.php?rest_route=\/wp\/v2\/pages"}],"about":[{"href":"https:\/\/www.mike-hartung.de\/v2\/index.php?rest_route=\/wp\/v2\/types\/page"}],"author":[{"embeddable":true,"href":"https:\/\/www.mike-hartung.de\/v2\/index.php?rest_route=\/wp\/v2\/users\/3"}],"replies":[{"embeddable":true,"href":"https:\/\/www.mike-hartung.de\/v2\/index.php?rest_route=%2Fwp%2Fv2%2Fcomments&post=609"}],"version-history":[{"count":2,"href":"https:\/\/www.mike-hartung.de\/v2\/index.php?rest_route=\/wp\/v2\/pages\/609\/revisions"}],"predecessor-version":[{"id":619,"href":"https:\/\/www.mike-hartung.de\/v2\/index.php?rest_route=\/wp\/v2\/pages\/609\/revisions\/619"}],"wp:attachment":[{"href":"https:\/\/www.mike-hartung.de\/v2\/index.php?rest_route=%2Fwp%2Fv2%2Fmedia&parent=609"}],"curies":[{"name":"wp","href":"https:\/\/api.w.org\/{rel}","templated":true}]}}