{"id":597,"date":"2016-01-28T15:50:19","date_gmt":"2016-01-28T14:50:19","guid":{"rendered":"http:\/\/www.mike-hartung.de\/v2\/?page_id=597"},"modified":"2016-02-05T12:27:24","modified_gmt":"2016-02-05T11:27:24","slug":"led-moonflower","status":"publish","type":"page","link":"https:\/\/www.mike-hartung.de\/v2\/?page_id=597","title":{"rendered":"LED Moonflower ADJ Revo 3"},"content":{"rendered":"<div id=\"cnp\">\n<h2 class=\"prod\">LED Moonflower Effekt<\/h2>\n<p>American Dj Revo 3<br \/>\n&#8211; Messerscharfe und hoch brillante rote, gr\u00fcne, blaue und wei\u00dfe Strahlen<br \/>\n&#8211; 10 DMX Kan\u00e4le ( 4 oder 10 Kanal Modus w\u00e4hlbar)<br \/>\n&#8211; Digitales LCD Display<br \/>\n&#8211; Lichtleistung vergleichbar mit einem 400 Watt Halogenleuchtmittel*<br \/>\n&#8211; Sehr breiter raumf\u00fcllender Effekt<br \/>\n&#8211; 4 Arbeitsmodi (DMX; Sound to light; Master-Slave oder \u00fcber Handcontroller UC3)<br \/>\n&#8211; 0-100% Dimmung<br \/>\n&#8211; Strobefunktion<br \/>\n&#8211; Niedriger Stromverbrauch<br \/>\n&#8211; Sicherungsautomat<br \/>\n&#8211; keine Hitzeentwicklung.<br \/>\n&#8211; Kann durchgehend ohne Pausen betrieben werden<br \/>\n&#8211; Inklusive Aufh\u00e4ngeb\u00fcgel aus Metall<br \/>\n&#8211; Klinkeneingang zur Ansteuerung mit dem UC3-Controller (siehe X-sell)<br \/>\n&#8211; Mehrere Ger\u00e4te k\u00f6nnen im Master Slave Modus zusammen und synchron betrieben werden.<br \/>\n&#8211; Leistungsaufnahme 50 Watt<br \/>\n&#8211; Abmessungen: 312 x 306 x 334 mm<br \/>\n&#8211; Ultraleicht: Gewicht: 4,4 kg<\/p>\n<p><a href=\"http:\/\/www.mike-hartung.de\/v2\/wp-content\/uploads\/2016\/01\/1395196_800.jpg\" rel=\"attachment wp-att-598\"><img loading=\"lazy\" decoding=\"async\" data-attachment-id=\"598\" data-permalink=\"https:\/\/www.mike-hartung.de\/v2\/?attachment_id=598\" data-orig-file=\"https:\/\/www.mike-hartung.de\/v2\/wp-content\/uploads\/2016\/01\/1395196_800.jpg\" data-orig-size=\"80,80\" data-comments-opened=\"0\" data-image-meta=\"{&quot;aperture&quot;:&quot;0&quot;,&quot;credit&quot;:&quot;&quot;,&quot;camera&quot;:&quot;&quot;,&quot;caption&quot;:&quot;&quot;,&quot;created_timestamp&quot;:&quot;0&quot;,&quot;copyright&quot;:&quot;&quot;,&quot;focal_length&quot;:&quot;0&quot;,&quot;iso&quot;:&quot;0&quot;,&quot;shutter_speed&quot;:&quot;0&quot;,&quot;title&quot;:&quot;&quot;,&quot;orientation&quot;:&quot;0&quot;}\" data-image-title=\"Beleuchtung Revo 3\" data-image-description=\"\" data-image-caption=\"\" data-medium-file=\"https:\/\/www.mike-hartung.de\/v2\/wp-content\/uploads\/2016\/01\/1395196_800.jpg\" data-large-file=\"https:\/\/www.mike-hartung.de\/v2\/wp-content\/uploads\/2016\/01\/1395196_800.jpg\" class=\"alignnone size-full wp-image-598\" src=\"http:\/\/www.mike-hartung.de\/v2\/wp-content\/uploads\/2016\/01\/1395196_800.jpg\" alt=\"1395196_800\" width=\"80\" height=\"80\" \/><\/a> <a href=\"http:\/\/www.mike-hartung.de\/v2\/wp-content\/uploads\/2016\/01\/1395201_800.jpg\" rel=\"attachment wp-att-599\"><img loading=\"lazy\" decoding=\"async\" data-attachment-id=\"599\" data-permalink=\"https:\/\/www.mike-hartung.de\/v2\/?attachment_id=599\" data-orig-file=\"https:\/\/www.mike-hartung.de\/v2\/wp-content\/uploads\/2016\/01\/1395201_800.jpg\" data-orig-size=\"628,600\" data-comments-opened=\"0\" data-image-meta=\"{&quot;aperture&quot;:&quot;0&quot;,&quot;credit&quot;:&quot;&quot;,&quot;camera&quot;:&quot;&quot;,&quot;caption&quot;:&quot;&quot;,&quot;created_timestamp&quot;:&quot;0&quot;,&quot;copyright&quot;:&quot;&quot;,&quot;focal_length&quot;:&quot;0&quot;,&quot;iso&quot;:&quot;0&quot;,&quot;shutter_speed&quot;:&quot;0&quot;,&quot;title&quot;:&quot;&quot;,&quot;orientation&quot;:&quot;0&quot;}\" data-image-title=\"1395201_800\" data-image-description=\"\" data-image-caption=\"\" data-medium-file=\"https:\/\/www.mike-hartung.de\/v2\/wp-content\/uploads\/2016\/01\/1395201_800-300x287.jpg\" data-large-file=\"https:\/\/www.mike-hartung.de\/v2\/wp-content\/uploads\/2016\/01\/1395201_800.jpg\" class=\"alignnone size-medium wp-image-599\" src=\"http:\/\/www.mike-hartung.de\/v2\/wp-content\/uploads\/2016\/01\/1395201_800-300x287.jpg\" alt=\"1395201_800\" width=\"300\" height=\"287\" srcset=\"https:\/\/www.mike-hartung.de\/v2\/wp-content\/uploads\/2016\/01\/1395201_800-300x287.jpg 300w, https:\/\/www.mike-hartung.de\/v2\/wp-content\/uploads\/2016\/01\/1395201_800-157x150.jpg 157w, https:\/\/www.mike-hartung.de\/v2\/wp-content\/uploads\/2016\/01\/1395201_800-150x143.jpg 150w, https:\/\/www.mike-hartung.de\/v2\/wp-content\/uploads\/2016\/01\/1395201_800.jpg 628w\" sizes=\"auto, (max-width: 300px) 100vw, 300px\" \/><\/a><\/p>\n<p>Der Mietpreis betr\u00e4gt f\u00fcr 24 Stunden 15 Eur0<\/p>\n<p>Wochenende (Freitag bis Sonntag) 25 euro<\/p>\n<p>Zuz\u00fcglich Kaution, die bei R\u00fcckgabe &#8222;wie Ger\u00e4t empfangen zur\u00fcck gezahlt wird&#8220;!<\/p>\n<p>Bedenken Sie dass das Stativ noch nicht im Mietpreis enthalten ist!<\/p>\n<\/div>\n","protected":false},"excerpt":{"rendered":"<p>LED Moonflower Effekt American Dj Revo 3 &#8211; Messerscharfe und hoch brillante rote, gr\u00fcne, blaue und wei\u00dfe Strahlen &#8211; 10 DMX Kan\u00e4le ( 4 oder 10 Kanal Modus w\u00e4hlbar) &#8211; Digitales LCD Display &#8211; Lichtleistung vergleichbar mit einem 400 Watt Halogenleuchtmittel* &#8211; Sehr breiter raumf\u00fcllender Effekt &#8211; 4 Arbeitsmodi (DMX;\u2026<\/p>\n<p class=\"continue-reading-button\"> <a class=\"continue-reading-link\" href=\"https:\/\/www.mike-hartung.de\/v2\/?page_id=597\">Mehr lesen<i class=\"crycon-right-dir\"><\/i><\/a><\/p>\n","protected":false},"author":3,"featured_media":0,"parent":0,"menu_order":0,"comment_status":"closed","ping_status":"closed","template":"","meta":{"_acf_changed":false,"ngg_post_thumbnail":0,"jetpack_post_was_ever_published":false,"footnotes":""},"class_list":["post-597","page","type-page","status-publish","hentry"],"acf":[],"jetpack_shortlink":"https:\/\/wp.me\/P6Tpbo-9D","jetpack-related-posts":[],"jetpack_sharing_enabled":true,"_links":{"self":[{"href":"https:\/\/www.mike-hartung.de\/v2\/index.php?rest_route=\/wp\/v2\/pages\/597","targetHints":{"allow":["GET"]}}],"collection":[{"href":"https:\/\/www.mike-hartung.de\/v2\/index.php?rest_route=\/wp\/v2\/pages"}],"about":[{"href":"https:\/\/www.mike-hartung.de\/v2\/index.php?rest_route=\/wp\/v2\/types\/page"}],"author":[{"embeddable":true,"href":"https:\/\/www.mike-hartung.de\/v2\/index.php?rest_route=\/wp\/v2\/users\/3"}],"replies":[{"embeddable":true,"href":"https:\/\/www.mike-hartung.de\/v2\/index.php?rest_route=%2Fwp%2Fv2%2Fcomments&post=597"}],"version-history":[{"count":5,"href":"https:\/\/www.mike-hartung.de\/v2\/index.php?rest_route=\/wp\/v2\/pages\/597\/revisions"}],"predecessor-version":[{"id":618,"href":"https:\/\/www.mike-hartung.de\/v2\/index.php?rest_route=\/wp\/v2\/pages\/597\/revisions\/618"}],"wp:attachment":[{"href":"https:\/\/www.mike-hartung.de\/v2\/index.php?rest_route=%2Fwp%2Fv2%2Fmedia&parent=597"}],"curies":[{"name":"wp","href":"https:\/\/api.w.org\/{rel}","templated":true}]}}