{"id":388,"date":"2016-01-06T14:33:19","date_gmt":"2016-01-06T13:33:19","guid":{"rendered":"http:\/\/www.mike-hartung.de\/v2\/?page_id=388"},"modified":"2016-01-06T15:56:09","modified_gmt":"2016-01-06T14:56:09","slug":"paellapfanne","status":"publish","type":"page","link":"https:\/\/www.mike-hartung.de\/v2\/?page_id=388","title":{"rendered":"Paellapfanne"},"content":{"rendered":"<p>&nbsp;<\/p>\n<h1 style=\"text-align: center;\"><span style=\"color: #ff0000;\">Paella- Pfanne<\/span><\/h1>\n<p><a href=\"http:\/\/www.mike-hartung.de\/v2\/wp-content\/uploads\/2016\/01\/Paellapfanne.jpg\" rel=\"attachment wp-att-409\"><img loading=\"lazy\" decoding=\"async\" data-attachment-id=\"409\" data-permalink=\"https:\/\/www.mike-hartung.de\/v2\/?attachment_id=409\" data-orig-file=\"https:\/\/www.mike-hartung.de\/v2\/wp-content\/uploads\/2016\/01\/Paellapfanne.jpg\" data-orig-size=\"453,390\" data-comments-opened=\"0\" data-image-meta=\"{&quot;aperture&quot;:&quot;0&quot;,&quot;credit&quot;:&quot;&quot;,&quot;camera&quot;:&quot;&quot;,&quot;caption&quot;:&quot;&quot;,&quot;created_timestamp&quot;:&quot;0&quot;,&quot;copyright&quot;:&quot;&quot;,&quot;focal_length&quot;:&quot;0&quot;,&quot;iso&quot;:&quot;0&quot;,&quot;shutter_speed&quot;:&quot;0&quot;,&quot;title&quot;:&quot;&quot;,&quot;orientation&quot;:&quot;0&quot;}\" data-image-title=\"Paellapfanne\" data-image-description=\"\" data-image-caption=\"\" data-medium-file=\"https:\/\/www.mike-hartung.de\/v2\/wp-content\/uploads\/2016\/01\/Paellapfanne-300x258.jpg\" data-large-file=\"https:\/\/www.mike-hartung.de\/v2\/wp-content\/uploads\/2016\/01\/Paellapfanne.jpg\" class=\"size-medium wp-image-409 aligncenter\" src=\"http:\/\/www.mike-hartung.de\/v2\/wp-content\/uploads\/2016\/01\/Paellapfanne-300x258.jpg\" alt=\"Paellapfanne\" width=\"300\" height=\"258\" srcset=\"https:\/\/www.mike-hartung.de\/v2\/wp-content\/uploads\/2016\/01\/Paellapfanne-300x258.jpg 300w, https:\/\/www.mike-hartung.de\/v2\/wp-content\/uploads\/2016\/01\/Paellapfanne-174x150.jpg 174w, https:\/\/www.mike-hartung.de\/v2\/wp-content\/uploads\/2016\/01\/Paellapfanne-150x129.jpg 150w, https:\/\/www.mike-hartung.de\/v2\/wp-content\/uploads\/2016\/01\/Paellapfanne.jpg 453w\" sizes=\"auto, (max-width: 300px) 100vw, 300px\" \/><\/a><\/p>\n<p>&nbsp;<\/p>\n<h4 style=\"text-align: center;\"><strong><em><span style=\"font-size: large;\"><span style=\"color: #0000ff;\">Strau\u00dfeneier kein Problem, Bratkartoffeln, Grillgut, Bohnen und vieles mehr f\u00fcr 5 bis 50 Personen<\/span><\/span><\/em><\/strong><strong><em><span style=\"font-size: large;\"><span style=\"font-size: x-large;\"><br \/>\n<\/span><\/span><\/em><\/strong><\/h4>\n<h5 style=\"text-align: center;\"><strong>Pfanne Stahl poliert, Durchmesser 80 cm, Mietpreis f\u00fcr 24 Stunden\u00a0\u00a0\u00a0\u00a0\u00a0 \u00a0 \u00a0 \u00a0 \u00a0 \u00a0\u00a0 20,00 Euro<\/strong><\/h5>\n<h5 style=\"text-align: center;\"><strong>oder Pfanne Edelstahlt, Durchmesser 80 cm, Mietpreis f\u00fcr 24 Stunden\u00a0\u00a0\u00a0\u00a0 \u00a0 \u00a0 \u00a0 30,00 Euro<\/strong><\/h5>\n<h5 style=\"text-align: center;\"><strong>Gasbrenner, 3 Ringe 21 KW, stabiles 3 Beingestell bis zu 80 Kg belastbar \u00a0\u00a0\u00a0\u00a0\u00a0\u00a0 20,00 Euro<\/strong><\/h5>\n<h5 style=\"text-align: center;\"><strong>Die Gasflasche kann gegen Geb\u00fchr und nach Gewicht ebenfalls von uns bezogen werden<\/strong><\/h5>\n<h5 style=\"text-align: center;\">Die Pfanne wird gereinigt ausgeliefert und muss geeinigt zur\u00fcck gebracht werden, ansonsten wird eine Reinigungsgeb\u00fchr von 25,00 Euro erhoben<\/h5>\n<h1 style=\"text-align: center;\"><strong><span style=\"color: #ff0000;\">0179 55 66 55 3<\/span><br \/>\n<\/strong><\/h1>\n<p><strong><em><span style=\"font-size: x-large;\">\u00a0<\/span><\/em><\/strong><\/p>\n<p><strong><em><span style=\"font-size: x-large;\">\u00a0<\/span><\/em><\/strong><\/p>\n<p>&nbsp;<\/p>\n","protected":false},"excerpt":{"rendered":"<p>&nbsp; Paella- Pfanne &nbsp; Strau\u00dfeneier kein Problem, Bratkartoffeln, Grillgut, Bohnen und vieles mehr f\u00fcr 5 bis 50 Personen Pfanne Stahl poliert, Durchmesser 80 cm, Mietpreis f\u00fcr 24 Stunden\u00a0\u00a0\u00a0\u00a0\u00a0 \u00a0 \u00a0 \u00a0 \u00a0 \u00a0\u00a0 20,00 Euro oder Pfanne Edelstahlt, Durchmesser 80 cm, Mietpreis f\u00fcr 24 Stunden\u00a0\u00a0\u00a0\u00a0 \u00a0 \u00a0 \u00a0 30,00 Euro\u2026<\/p>\n<p class=\"continue-reading-button\"> <a class=\"continue-reading-link\" href=\"https:\/\/www.mike-hartung.de\/v2\/?page_id=388\">Mehr lesen<i class=\"crycon-right-dir\"><\/i><\/a><\/p>\n","protected":false},"author":3,"featured_media":0,"parent":0,"menu_order":0,"comment_status":"closed","ping_status":"closed","template":"","meta":{"_acf_changed":false,"ngg_post_thumbnail":0,"jetpack_post_was_ever_published":false,"footnotes":""},"class_list":["post-388","page","type-page","status-publish","hentry"],"acf":[],"jetpack_shortlink":"https:\/\/wp.me\/P6Tpbo-6g","jetpack-related-posts":[],"jetpack_sharing_enabled":true,"_links":{"self":[{"href":"https:\/\/www.mike-hartung.de\/v2\/index.php?rest_route=\/wp\/v2\/pages\/388","targetHints":{"allow":["GET"]}}],"collection":[{"href":"https:\/\/www.mike-hartung.de\/v2\/index.php?rest_route=\/wp\/v2\/pages"}],"about":[{"href":"https:\/\/www.mike-hartung.de\/v2\/index.php?rest_route=\/wp\/v2\/types\/page"}],"author":[{"embeddable":true,"href":"https:\/\/www.mike-hartung.de\/v2\/index.php?rest_route=\/wp\/v2\/users\/3"}],"replies":[{"embeddable":true,"href":"https:\/\/www.mike-hartung.de\/v2\/index.php?rest_route=%2Fwp%2Fv2%2Fcomments&post=388"}],"version-history":[{"count":7,"href":"https:\/\/www.mike-hartung.de\/v2\/index.php?rest_route=\/wp\/v2\/pages\/388\/revisions"}],"predecessor-version":[{"id":417,"href":"https:\/\/www.mike-hartung.de\/v2\/index.php?rest_route=\/wp\/v2\/pages\/388\/revisions\/417"}],"wp:attachment":[{"href":"https:\/\/www.mike-hartung.de\/v2\/index.php?rest_route=%2Fwp%2Fv2%2Fmedia&parent=388"}],"curies":[{"name":"wp","href":"https:\/\/api.w.org\/{rel}","templated":true}]}}