{"id":34,"date":"2015-10-27T11:36:49","date_gmt":"2015-10-27T10:36:49","guid":{"rendered":"http:\/\/www.mike-hartung.de\/v2\/?page_id=34"},"modified":"2019-01-06T19:27:53","modified_gmt":"2019-01-06T18:27:53","slug":"referenzen","status":"publish","type":"page","link":"https:\/\/www.mike-hartung.de\/v2\/?page_id=34","title":{"rendered":"Referenzen"},"content":{"rendered":"<h3 style=\"text-align: center;\"><span style=\"text-decoration: underline; color: #0000ff;\"><strong>DJ-Service f\u00fcr ganz Niedersachsen, Sachsen-Anhalt, Berlin, Hamburg, und weiter<\/strong><\/span><\/h3>\n<h4 style=\"text-align: center;\"><strong><em><span style=\"color: #ff0000;\">Ob Geburtstag, Hochzeit, Firmenfest, Betriebsfeier, Motorradtreffen, Sch\u00fctzenfest, Dorffest, Abschlussball, Tanzabend, Faschingsfeier&nbsp;oder open Air,<\/span> <\/em><\/strong><\/h4>\n<h4 style=\"text-align: center;\"><strong><em><span style=\"color: #ff0000;\">alles ist m\u00f6glich<\/span>.<\/em><\/strong><\/h4>\n<h4 style=\"text-align: center;\"><strong>Ein reichhaltiges Angebot an Licht, Ton und Musik gibt Ihrer Feier einen unvergesslichen Abend!<\/strong><\/h4>\n<h5 style=\"text-align: center;\"><span style=\"color: #0000ff;\"><strong>Es wird empfohlen eine Terminbuchung bis zu 6 Monaten vorher abzusprechen.<br><\/strong><\/span><\/h5>\n<p>&nbsp;<\/p>\n<p><strong><span style=\"color: #000000;\">Ein kleiner Auszug meiner Referenzen zeigt Ihnen an welchen Orten ich bisher als DJ<br>t\u00e4tig war.<br><\/span><\/strong><\/p>\n<p><strong><em>Wolfsburg:<\/em><\/strong><\/p>\n<p><em>Klinikum Wolfsburg (Betriebsfeier), Gastst\u00e4tte Almke (Geburtstagsfeier), Holliday Inn (Hochzeit), Parkotel (Sylvesterfeiern, Hochzeiten, Geburtstage), Gastst\u00e4tte Sonnenschein bei Otto (Geburtstage)<\/em><\/p>\n<p>&nbsp;<\/p>\n<p><strong><em>Braunschweig:<\/em><\/strong><\/p>\n<p><em>Alte Schmiede (Hochzeit), Am Kanal (Thune) (Siberhochzeit), Best Western (Wenden)&nbsp; (Hochzeiten, Geburtstage, Tanztees, Silvester, Vermietung von Tontechnik), <\/em><\/p>\n<p><em>Lokpark (Geburtstage, Betriebsfeiern), Poloshop (Season Open, Tag der offenen T\u00fcr), Westermann (Betriebsfeier), <\/em><\/p>\n<p><em>Welfen Chapter (Welfenrallye bei Wittingen, Motoradtreffen), Zur Rothenburg (Welfen Chapter Weihnachtsfeiern, Geburtstag), Vienna House Easy, (Motoradtreffen<strong>)<\/strong><\/em><\/p>\n<p><em>&nbsp;Pupasch (Dj)<\/em><\/p>\n<p>Vienna House Easy Braunschweig (Harleytreffen)<\/p>\n<p>Hotel Nord (Geburtstag)<\/p>\n<p><strong><em>K\u00f6nigslutter:<\/em><\/strong><\/p>\n<p><em>Agravis K\u00f6nigslutter (Tag der offenen T\u00fcr), Avalon K\u00f6nigshof (Abi Partys, Geburtstage),&nbsp; Awo Psychiatrie Zentrum (Maria Chron Show after Show Party, Krimidinner, Streptokokken), APZ Neujahrsveranstaltung<\/em><\/p>\n<p><em>Blasorchester Gro\u00df Steinum (Faschingfeiern), Ducksteinfest (Party), Faschingsgesellschaft Lelm (Faschingfeieren), <\/em><\/p>\n<p><em>Feuerwehr bewegt (Landesfeuerwehrverband Abendveranstaltung), Feuerwehr Glentorf (Jubil\u00e4umsfeier), Feuerwehr Lelm (Oktoberfeste), <\/em><\/p>\n<p><em>Feuerwehr Rieseberg (Kameradschaftsabend), Feuerwehr K\u00f6nigslutter (Vermietung von Equipment), Grundschule Driebe (Vermietung von Tonanlage), <\/em><\/p>\n<p><em>Gemeindekrug Rieseberg (Hochzeiten, Geburtstage), Haus der helfenden H\u00e4nde, Seniorenheim (Sommerfeste), Haus der helfenden H\u00e4nde (Betriebsfeiern), <\/em><\/p>\n<p><em>InJoy Fitness Studio ( 90er Jahre Party), Lelm (Sommerfeste), Lindenhof Bornum (Hochzeiten, Geburtstage), Motorradfreunde Lauingen (Oktoberfest),<\/em><\/p>\n<p><em>Partheneon Sunstedt (Geburtstage, Silberhochzeiten), Reit- und Fahrverein K\u00f6nigslutter (Silvesterpartys), Rennspie\u00df Autowerkstatt (Er\u00f6ffnugsfeier)<\/em><\/p>\n<p><em>Rieseberg Dorfgemeinschaft (Dorfest), Sch\u00fctzenhof&nbsp; (Geburtstage und Mottopartys), Sch\u00fctzengilde (Schweinepreisschie\u00dfen,Sch\u00fctzenfest),<\/em><\/p>\n<p><em>Tierklinik K\u00f6nigslutter ( 10 Jahresfeier, mit Sweety Glitter), Torfrock Halle 1A (After Show Party), Stadtfeuerwehr K\u00f6nigslutter (Stadtfeuerwehrball)<\/em><\/p>\n<p><em>Spielmannszug der Freiwilligen Feuerwehr K\u00f6nigslutter<\/em><em> (Weihnachtsfeier)<\/em><\/p>\n<p><em>TSV Lauingen (Sportwochen, Oktoberfest, Weihnachtsfeier), TTC Rieseberg (Sportwochen, Weihnachtsfeiern,Vermietung von Equipment)<\/em><\/p>\n<p><em>Tetzelstein<\/em><em> (Geburtstag)<\/em><\/p>\n<p><strong>&nbsp;<\/strong><\/p>\n<p><strong><em>S\u00fcpplingen:<\/em><\/strong><\/p>\n<p><em>Sch\u00fctzenbruderschaft (Gemeindefeste, T\u00e4nze in den Mai, K\u00f6nigsb\u00e4lle), Feuerwehr (Gemeindefest, Feuerwehrfest), Dorfgemeinschaft (Gemeindefest, Sommerfest), Sch\u00fctzenheim (Geburtstage und andere Partys)<\/em><\/p>\n<p>&nbsp;<\/p>\n<p><strong><em>Sch\u00f6ningen:<\/em><\/strong><\/p>\n<p><em>Deutsches Haus (Hochzeiten, Geburtstage), Open Air Kino (Party), Sch\u00fctzenverein (Sch\u00fctzenfeste),<\/em><\/p>\n<p><em>Schlo\u00df Sch\u00f6ningen (Weihnachtsfeier Bauking), Verein Guter Zweck (Rodelparty), Ratskeller (Geburtstage)<\/em><\/p>\n<p>&nbsp;<\/p>\n<p><strong><em>Helmstedt:<\/em><\/strong><\/p>\n<p><em>Bauking (Weihnachtsfeier), IGS Helmstedt (Abschlu\u00dffeier), Lademann Realschule (Abschlu\u00dffeiern)<\/em><\/p>\n<p><em>Landesfeuerwehrverband (Feuerwehr bewegt), Pferdestall (Betriebsfeier)<\/em><\/p>\n<p>&nbsp;<\/p>\n<p><strong><em>Lehrte:<\/em><\/strong><\/p>\n<p><em>Volkswagen Automobile (Harley Davidson trifft auf Volkswagen),&nbsp; Abri\u00dfParty (Hofparty Stadt Lehrte)<\/em><\/p>\n<p>&nbsp;<\/p>\n<p><strong><em>Lehre:<\/em><\/strong><\/p>\n<p><em>Pfarrheim (Geburtstag), DGH Flechtorf (Gebrutstage)<\/em><\/p>\n<p>&nbsp;<\/p>\n<p><strong><em>Destedt:<\/em><\/strong><\/p>\n<p><em>Junge Gesellschaft Destedt (Kinderfasching, Maskenball)<\/em><\/p>\n<p>&nbsp;<\/p>\n<p><strong><em>Salzgitter:<\/em><\/strong><\/p>\n<p><em>Agravis Salzgitter Barum (Tag der offenen T\u00fcr)<\/em><\/p>\n<p>&nbsp;<\/p>\n<p><strong><em>Greene:<\/em><\/strong><\/p>\n<p><em>Agravis Greene (Tag der offenen T\u00fcr)<\/em><\/p>\n<p>&nbsp;<\/p>\n<p><strong><em>Neindorf:<\/em><\/strong><\/p>\n<p><em>Bantaba Mitte (Oldie Night)<\/em><\/p>\n<p>&nbsp;<\/p>\n<p><strong><em>Wittingen:<\/em><\/strong><\/p>\n<p><em>Hotel R\u00fchling (Silberne Hochzeit), Welfen Chapter (Motorradtreffen)<\/em><\/p>\n<p>&nbsp;<\/p>\n<p><strong><em>B\u00fcddenstedt:<\/em><\/strong><\/p>\n<p><em>Deutsches Haus (Abschlussball Lademann Realschule)<\/em><\/p>\n<p>&nbsp;<\/p>\n<p><strong><em>Gifhorn:<\/em><\/strong><\/p>\n<p><em>Landkaffee Neubokel (Geburtstage, Siberne Hochzeiten), Saustall (Geburtstage), Sch\u00fctzenheim;<\/em><\/p>\n<p>&nbsp;<\/p>\n<p><strong><em>Eitzum:<\/em><\/strong><\/p>\n<p><em>Tischtennisverein (Jubil\u00e4um)<\/em><\/p>\n<p>&nbsp;<\/p>\n<p><strong><em>Erkerode:<\/em><\/strong><\/p>\n<p><em>Vintage<\/em><em> (Hochzeit)<\/em><\/p>\n<p>&nbsp;<\/p>\n<p><strong><em>Lucklun:<\/em><\/strong><\/p>\n<p><em>Rittergut<\/em><em> (Hochtzeit)<\/em><\/p>\n<p><em>&nbsp;<\/em><\/p>\n<p><strong><em>Remmlingen:<\/em><\/strong><\/p>\n<p><em>Weinfest (Freiwillige Feuerwehr)<\/em><\/p>\n<p><strong>&nbsp;<\/strong><\/p>\n<p><strong><em>Gro\u00df Brunsrode:<\/em><\/strong><\/p>\n<p><em>Feuerwehr Gro\u00df Brunsrode (Jubil\u00e4um)<\/em><\/p>\n<p>&nbsp;<\/p>\n<p><strong><em>Saalsdorf:<\/em><\/strong><\/p>\n<p><em>Sch\u00fctzverein Saalsdorf (Sch\u00fctzenball\/K\u00f6nigsball, Oktoberfest)<\/em><\/p>\n<p>&nbsp;<\/p>\n<p><strong><em>Mariental:<\/em><\/strong><\/p>\n<p><em>Alte Wache (Geburtstage, Hochzeit), Campingplatz (Geburtstage)<\/em><\/p>\n<p><em>&nbsp;<\/em><\/p>\n<p><strong><em>W\u00f6ltingerrode:<\/em><\/strong><\/p>\n<p><em>Schloss W\u00f6ltingerrode<\/em><em> (Hochzeit)<\/em><\/p>\n<p><em>&nbsp;<\/em><\/p>\n<p><strong><em>Dannenb\u00fcttel:<\/em><\/strong><\/p>\n<p><em>Sch\u00fctzenheim;<\/em><\/p>\n<p>&nbsp;<\/p>\n<p>&nbsp;<\/p>\n<p>&nbsp;<\/p>\n<p>&nbsp;<\/p>\n\n\n<p><\/p>\n","protected":false},"excerpt":{"rendered":"<p>DJ-Service f\u00fcr ganz Niedersachsen, Sachsen-Anhalt, Berlin, Hamburg, und weiter Ob Geburtstag, Hochzeit, Firmenfest, Betriebsfeier, Motorradtreffen, Sch\u00fctzenfest, Dorffest, Abschlussball, Tanzabend, Faschingsfeier&nbsp;oder open Air, alles ist m\u00f6glich. Ein reichhaltiges Angebot an Licht, Ton und Musik gibt Ihrer Feier einen unvergesslichen Abend! Es wird empfohlen eine Terminbuchung bis zu 6 Monaten vorher abzusprechen.\u2026<\/p>\n<p class=\"continue-reading-button\"> <a class=\"continue-reading-link\" href=\"https:\/\/www.mike-hartung.de\/v2\/?page_id=34\">Mehr lesen<i class=\"crycon-right-dir\"><\/i><\/a><\/p>\n","protected":false},"author":3,"featured_media":0,"parent":7,"menu_order":12,"comment_status":"closed","ping_status":"closed","template":"templates\/template-onecolumn.php","meta":{"_acf_changed":false,"ngg_post_thumbnail":0,"jetpack_post_was_ever_published":false,"footnotes":""},"class_list":["post-34","page","type-page","status-publish","hentry"],"acf":[],"jetpack_shortlink":"https:\/\/wp.me\/P6Tpbo-y","jetpack-related-posts":[],"jetpack_sharing_enabled":true,"_links":{"self":[{"href":"https:\/\/www.mike-hartung.de\/v2\/index.php?rest_route=\/wp\/v2\/pages\/34","targetHints":{"allow":["GET"]}}],"collection":[{"href":"https:\/\/www.mike-hartung.de\/v2\/index.php?rest_route=\/wp\/v2\/pages"}],"about":[{"href":"https:\/\/www.mike-hartung.de\/v2\/index.php?rest_route=\/wp\/v2\/types\/page"}],"author":[{"embeddable":true,"href":"https:\/\/www.mike-hartung.de\/v2\/index.php?rest_route=\/wp\/v2\/users\/3"}],"replies":[{"embeddable":true,"href":"https:\/\/www.mike-hartung.de\/v2\/index.php?rest_route=%2Fwp%2Fv2%2Fcomments&post=34"}],"version-history":[{"count":30,"href":"https:\/\/www.mike-hartung.de\/v2\/index.php?rest_route=\/wp\/v2\/pages\/34\/revisions"}],"predecessor-version":[{"id":945,"href":"https:\/\/www.mike-hartung.de\/v2\/index.php?rest_route=\/wp\/v2\/pages\/34\/revisions\/945"}],"up":[{"embeddable":true,"href":"https:\/\/www.mike-hartung.de\/v2\/index.php?rest_route=\/wp\/v2\/pages\/7"}],"wp:attachment":[{"href":"https:\/\/www.mike-hartung.de\/v2\/index.php?rest_route=%2Fwp%2Fv2%2Fmedia&parent=34"}],"curies":[{"name":"wp","href":"https:\/\/api.w.org\/{rel}","templated":true}]}}