{"id":295,"date":"2015-11-03T13:59:18","date_gmt":"2015-11-03T12:59:18","guid":{"rendered":"http:\/\/www.mike-hartung.de\/v2\/?page_id=295"},"modified":"2016-01-06T15:57:04","modified_gmt":"2016-01-06T14:57:04","slug":"jaegermeister-tap-maschine","status":"publish","type":"page","link":"https:\/\/www.mike-hartung.de\/v2\/?page_id=295","title":{"rendered":"J\u00e4germeister Tap Maschine"},"content":{"rendered":"<p style=\"text-align: center;\"><strong><img decoding=\"async\" src=\"http:\/\/www.mike-hartung.de\/dynpg\/upload\/imgfile63.jpg\" alt=\"jaegermeister-tap-maschine\" \/><\/strong><\/p>\n<h5 style=\"text-align: center;\"><span style=\"color: #0000ff;\">Beschreibung:<\/span><\/h5>\n<h4 style=\"text-align: center;\"><strong><span style=\"color: #ff0000;\">\u00a0Sie wollen Feiern und Ihnen fehlt noch ein Highlight ?<\/span> <\/strong><\/h4>\n<h4 style=\"text-align: center;\"><strong><span style=\"color: #ff0000;\">Wir haben das Highlight f\u00fcr Sie!<\/span><\/strong><\/h4>\n<h4 style=\"text-align: center;\">Die J\u00e4germeister Zapfanlage, f\u00fcr <strong>ALLE <\/strong>g\u00e4ngigen J\u00e4germeisterflaschen.<\/h4>\n<h4 style=\"text-align: center;\">Max. 3 x 1 Liter Flaschen.<\/h4>\n<h4 style=\"text-align: center;\">Die J\u00e4germeister Tap Maschine f\u00fcr hochprozentige alkoholische Getr\u00e4nke.<\/h4>\n<h4 style=\"text-align: center;\">Die Tap Maschine ist die schnellste, einfachste und beste Maschine um einen eiskalten J\u00e4germeister<\/h4>\n<h4 style=\"text-align: center;\">oder andere hochprozentige alkoholische Getr\u00e4nke &#8222;K\u00e4lter als Eis&#8220; auszuschenken.<\/h4>\n<h4 style=\"text-align: center;\"><strong><em>J\u00e4germeister wird auf -20\u00b0 Celsius herunter gek\u00fchlt.<\/em> <\/strong><\/h4>\n<h4 style=\"text-align: center;\">Ma\u00dfe 28 cm (B) x 48 cm (T) x 66 cm (H)<\/h4>\n<h4 style=\"text-align: center;\"><strong>Preis pro Tag 35\u20ac <\/strong><br \/>\n<strong>Preis f\u00fcr das Wochenende Freitag bis Sonntag 50\u20ac! <\/strong><br \/>\n<strong>Zus\u00e4tzlich ist eine Kaution erforderlich<\/strong><\/h4>\n<h4 style=\"text-align: center;\">Erforderlicher Stromanschluss 230V<\/h4>\n<h4 style=\"text-align: center;\">Leistungsaufnahme 250 W<\/h4>\n<h4 style=\"text-align: center;\"><em>Dieses Angebot gilt f\u00fcr Selbstabholung und Selbstbetrieb.<\/em><\/h4>\n<h4 style=\"text-align: center;\"><em>Gerne vermieten wir auch die dazugeh\u00f6rigen Gl\u00e4ser. (Preise auf Anfrage)<\/em><\/h4>\n<h4 style=\"text-align: center;\"><em>Auch J\u00e4germeister in der 0,7 l Flasche k\u00f6nnen Sie \u00fcber uns f\u00fcr 12 Euro die Flasche beziehen<\/em><\/h4>\n<h1 style=\"text-align: center;\"><strong><span style=\"color: #ff0000;\">0179 55 66 55 3<\/span><\/strong><\/h1>\n","protected":false},"excerpt":{"rendered":"<p>Beschreibung: \u00a0Sie wollen Feiern und Ihnen fehlt noch ein Highlight ? Wir haben das Highlight f\u00fcr Sie! Die J\u00e4germeister Zapfanlage, f\u00fcr ALLE g\u00e4ngigen J\u00e4germeisterflaschen. Max. 3 x 1 Liter Flaschen. Die J\u00e4germeister Tap Maschine f\u00fcr hochprozentige alkoholische Getr\u00e4nke. Die Tap Maschine ist die schnellste, einfachste und beste Maschine um einen\u2026<\/p>\n<p class=\"continue-reading-button\"> <a class=\"continue-reading-link\" href=\"https:\/\/www.mike-hartung.de\/v2\/?page_id=295\">Mehr lesen<i class=\"crycon-right-dir\"><\/i><\/a><\/p>\n","protected":false},"author":3,"featured_media":0,"parent":0,"menu_order":0,"comment_status":"closed","ping_status":"closed","template":"","meta":{"_acf_changed":false,"ngg_post_thumbnail":0,"jetpack_post_was_ever_published":false,"footnotes":""},"class_list":["post-295","page","type-page","status-publish","hentry"],"acf":[],"jetpack_shortlink":"https:\/\/wp.me\/P6Tpbo-4L","jetpack-related-posts":[],"jetpack_sharing_enabled":true,"_links":{"self":[{"href":"https:\/\/www.mike-hartung.de\/v2\/index.php?rest_route=\/wp\/v2\/pages\/295","targetHints":{"allow":["GET"]}}],"collection":[{"href":"https:\/\/www.mike-hartung.de\/v2\/index.php?rest_route=\/wp\/v2\/pages"}],"about":[{"href":"https:\/\/www.mike-hartung.de\/v2\/index.php?rest_route=\/wp\/v2\/types\/page"}],"author":[{"embeddable":true,"href":"https:\/\/www.mike-hartung.de\/v2\/index.php?rest_route=\/wp\/v2\/users\/3"}],"replies":[{"embeddable":true,"href":"https:\/\/www.mike-hartung.de\/v2\/index.php?rest_route=%2Fwp%2Fv2%2Fcomments&post=295"}],"version-history":[{"count":9,"href":"https:\/\/www.mike-hartung.de\/v2\/index.php?rest_route=\/wp\/v2\/pages\/295\/revisions"}],"predecessor-version":[{"id":419,"href":"https:\/\/www.mike-hartung.de\/v2\/index.php?rest_route=\/wp\/v2\/pages\/295\/revisions\/419"}],"wp:attachment":[{"href":"https:\/\/www.mike-hartung.de\/v2\/index.php?rest_route=%2Fwp%2Fv2%2Fmedia&parent=295"}],"curies":[{"name":"wp","href":"https:\/\/api.w.org\/{rel}","templated":true}]}}