{"id":292,"date":"2015-11-03T13:53:34","date_gmt":"2015-11-03T12:53:34","guid":{"rendered":"http:\/\/www.mike-hartung.de\/v2\/?page_id=292"},"modified":"2016-01-06T15:57:48","modified_gmt":"2016-01-06T14:57:48","slug":"popcornmaschine-2","status":"publish","type":"page","link":"https:\/\/www.mike-hartung.de\/v2\/?page_id=292","title":{"rendered":"Popcornmaschine"},"content":{"rendered":"<h4 style=\"text-align: center;\"><span style=\"color: #ff0000;\"><strong>\u00a0Ideal f\u00fcr zum Beispiel:<\/strong> <\/span><\/h4>\n<h5 style=\"text-align: center;\"><span style=\"color: #0000ff;\"><span style=\"color: #000000;\">Kirmes (Rummel), Weihnachtsfeier, Kindergarten, Tag der offenen T\u00fcr, <\/span><\/span><\/h5>\n<h5 style=\"text-align: center;\"><span style=\"color: #0000ff;\"><span style=\"color: #000000;\">Firmenfest, <\/span><\/span>Stra\u00dfenfest, Gartenpartys, Neuer\u00f6ffnung, Jubil\u00e4um, Messe etc.<\/h5>\n<h5 style=\"text-align: center;\"><span style=\"color: #ff0000;\"><em>\u201cDiese Popcornmaschine verw\u00f6hnt Sie nach wenigen Minuten mit dem vollen Popp-, Knusper- und Knabber-Spa\u00df!<\/em><\/span><\/h5>\n<h5 style=\"text-align: center;\">Nach kurzem Vorheizen, mit ein wenig \u00d6l und einem L\u00f6ffel Popcorn-Mais, h\u00fcpft das Popcorn duftend aus dem Edelstahl-Topf in die herausnehmbare Schale.<\/h5>\n<h2 style=\"text-align: center;\"><img loading=\"lazy\" decoding=\"async\" class=\"aligncenter\" src=\"http:\/\/www.mike-hartung.de\/dynpg\/upload\/imgfile61.jpg\" alt=\"Popcornmaschine\" width=\"500\" height=\"510\" \/><\/h2>\n<h4 style=\"text-align: center;\"><span style=\"text-decoration: underline; color: #ff0000;\"><strong>Unser Angebot f\u00fcr Sie:<\/strong><\/span><\/h4>\n<h5 style=\"text-align: center;\">24 bzw. 48 Stunden Popcornmaschinen-Verleih f\u00fcr 25\u20ac bzw. 40\u20ac zzgl. Kaution<\/h5>\n<h4 style=\"text-align: center;\"><span style=\"text-decoration: underline; color: #ff0000;\"><strong>Rund-um-Sorglos-Paket:<\/strong><\/span><\/h4>\n<h5 style=\"text-align: center;\"><span style=\"color: #000000;\">Wir kommen und bedienen das Ger\u00e4t w\u00e4hrend\u00a0dem Fest, inklusive Endreinigung. Gilt nur in Kombination mit 24 oder 48 Stunden PopcornMaschinen Verleih. Je nach Umfang und Menge ab 50\u20ac<\/span><\/h5>\n<h5 style=\"text-align: center;\"><span style=\"color: #000000;\">Wir bieten auch zus\u00e4tzliche Artikel wie Popcornt\u00fcten, PopcornMais, Rezepte und Herstellungsideen.<\/span><\/h5>\n<h5 style=\"text-align: center;\"><span style=\"color: #000000;\">Wenn Sie das Material nicht \u00fcber uns beziehen, kommen <strong>10,00 Euro<\/strong> f\u00fcr die Reinigung hinzu.<\/span><\/h5>\n<h5 style=\"text-align: center;\"><span style=\"color: #000000;\">\u00a0<\/span><\/h5>\n<h5 style=\"text-align: center;\"><span style=\"color: #000000;\">Die Maschine ist ausgestattet mit rostfreiem Edelstahl, einer Edelstahl-Resteschublade, bruchsicheren Kunstglast\u00fcren<\/span><span style=\"color: #000000;\">Technische Daten:<\/span><\/h5>\n<h5 style=\"text-align: center;\"><span style=\"color: #000000;\">Spannung : 220V\/50 Hz<\/span><span style=\"color: #000000;\">ca. 400g Popkorn in 2 Minuten<\/span><span style=\"color: #000000;\">maximal Ma\u00dfe: B:56cm x T:42cm x T:73cm<\/span><\/h5>\n<h1 style=\"text-align: center;\"><strong><span style=\"color: #ff0000;\">0179 55 66 55 3<\/span><\/strong><\/h1>\n","protected":false},"excerpt":{"rendered":"<p>\u00a0Ideal f\u00fcr zum Beispiel: Kirmes (Rummel), Weihnachtsfeier, Kindergarten, Tag der offenen T\u00fcr, Firmenfest, Stra\u00dfenfest, Gartenpartys, Neuer\u00f6ffnung, Jubil\u00e4um, Messe etc. \u201cDiese Popcornmaschine verw\u00f6hnt Sie nach wenigen Minuten mit dem vollen Popp-, Knusper- und Knabber-Spa\u00df! Nach kurzem Vorheizen, mit ein wenig \u00d6l und einem L\u00f6ffel Popcorn-Mais, h\u00fcpft das Popcorn duftend aus dem\u2026<\/p>\n<p class=\"continue-reading-button\"> <a class=\"continue-reading-link\" href=\"https:\/\/www.mike-hartung.de\/v2\/?page_id=292\">Mehr lesen<i class=\"crycon-right-dir\"><\/i><\/a><\/p>\n","protected":false},"author":3,"featured_media":0,"parent":0,"menu_order":0,"comment_status":"closed","ping_status":"closed","template":"","meta":{"_acf_changed":false,"ngg_post_thumbnail":0,"jetpack_post_was_ever_published":false,"footnotes":""},"class_list":["post-292","page","type-page","status-publish","hentry"],"acf":[],"jetpack_shortlink":"https:\/\/wp.me\/P6Tpbo-4I","jetpack-related-posts":[],"jetpack_sharing_enabled":true,"_links":{"self":[{"href":"https:\/\/www.mike-hartung.de\/v2\/index.php?rest_route=\/wp\/v2\/pages\/292","targetHints":{"allow":["GET"]}}],"collection":[{"href":"https:\/\/www.mike-hartung.de\/v2\/index.php?rest_route=\/wp\/v2\/pages"}],"about":[{"href":"https:\/\/www.mike-hartung.de\/v2\/index.php?rest_route=\/wp\/v2\/types\/page"}],"author":[{"embeddable":true,"href":"https:\/\/www.mike-hartung.de\/v2\/index.php?rest_route=\/wp\/v2\/users\/3"}],"replies":[{"embeddable":true,"href":"https:\/\/www.mike-hartung.de\/v2\/index.php?rest_route=%2Fwp%2Fv2%2Fcomments&post=292"}],"version-history":[{"count":12,"href":"https:\/\/www.mike-hartung.de\/v2\/index.php?rest_route=\/wp\/v2\/pages\/292\/revisions"}],"predecessor-version":[{"id":420,"href":"https:\/\/www.mike-hartung.de\/v2\/index.php?rest_route=\/wp\/v2\/pages\/292\/revisions\/420"}],"wp:attachment":[{"href":"https:\/\/www.mike-hartung.de\/v2\/index.php?rest_route=%2Fwp%2Fv2%2Fmedia&parent=292"}],"curies":[{"name":"wp","href":"https:\/\/api.w.org\/{rel}","templated":true}]}}